{"id":133,"date":"2020-03-24T15:25:47","date_gmt":"2020-03-24T14:25:47","guid":{"rendered":"http:\/\/santalucia.ms.decms.eu\/?page_id=133"},"modified":"2020-03-24T15:25:47","modified_gmt":"2020-03-24T14:25:47","slug":"bar-restaurant-il-pavone","status":"publish","type":"page","link":"https:\/\/www.santalucia.it\/de\/bar-restaurant-il-pavone\/","title":{"rendered":"Bar-Restaurant Il Pavone"},"content":{"rendered":"<p>Das Bar-Restaurant Il Pavone sollten Sie nicht vers\u00e4umen. Sein schickes, kosmopolitisches Ambiente l\u00e4dt gleicherma\u00dfen zu Lunch, Happy-Hour-Aperitif, bedeutendem Dinner und romantischem Abendessen mit Blick auf das Castel dell\u2019Ovo ein. Die Gerichte des K\u00fcchenchefs sind raffinierte Neuinterpretationen der Klassiker, in denen die lokalen Produkte auf originelle Weise zur Geltung gebracht sind.<\/p>\n<p>Gourmet-Men\u00fcs, Kinderteller, Z\u00f6liakie-Di\u00e4t.<\/p>\n<p>\u00d6ffnungszeiten:<\/p>\n<p>Montag \u2013 Samstag: 11.00 bis 23.00 Uhr<br \/>\nSonntag: 11.00 bis 15.00 Uhr<\/p>\n","protected":false},"excerpt":{"rendered":"<p>Das Bar-Restaurant Il Pavone sollten Sie nicht vers\u00e4umen. Sein schickes, kosmopolitisches Ambiente l\u00e4dt gleicherma\u00dfen zu Lunch, Happy-Hour-Aperitif, bedeutendem Dinner und romantischem Abendessen mit Blick auf das Castel dell\u2019Ovo ein. Die Gerichte des K\u00fcchenchefs sind raffinierte Neuinterpretationen der Klassiker, in denen die lokalen Produkte auf originelle Weise zur Geltung gebracht sind. Gourmet-Men\u00fcs, Kinderteller, Z\u00f6liakie-Di\u00e4t. \u00d6ffnungszeiten: Montag [&hellip;]<\/p>\n","protected":false},"author":13,"featured_media":0,"parent":0,"menu_order":4,"comment_status":"closed","ping_status":"closed","template":"template-wellness.php","meta":{"footnotes":""},"class_list":["post-133","page","type-page","status-publish","hentry"],"yoast_head":"<!-- This site is optimized with the Yoast SEO plugin v26.9 - https:\/\/yoast.com\/product\/yoast-seo-wordpress\/ -->\n<title>Bar-Restaurant Il Pavone - Grand Hotel Santa Lucia<\/title>\n<meta name=\"robots\" content=\"index, follow, max-snippet:-1, max-image-preview:large, max-video-preview:-1\" \/>\n<link rel=\"canonical\" href=\"https:\/\/www.santalucia.it\/de\/bar-restaurant-il-pavone\/\" \/>\n<meta property=\"og:locale\" content=\"de_DE\" \/>\n<meta property=\"og:type\" content=\"article\" \/>\n<meta property=\"og:title\" content=\"Bar-Restaurant Il Pavone - Grand Hotel Santa Lucia\" \/>\n<meta property=\"og:description\" content=\"Das Bar-Restaurant Il Pavone sollten Sie nicht vers\u00e4umen. Sein schickes, kosmopolitisches Ambiente l\u00e4dt gleicherma\u00dfen zu Lunch, Happy-Hour-Aperitif, bedeutendem Dinner und romantischem Abendessen mit Blick auf das Castel dell\u2019Ovo ein. Die Gerichte des K\u00fcchenchefs sind raffinierte Neuinterpretationen der Klassiker, in denen die lokalen Produkte auf originelle Weise zur Geltung gebracht sind. Gourmet-Men\u00fcs, Kinderteller, Z\u00f6liakie-Di\u00e4t. \u00d6ffnungszeiten: Montag [&hellip;]\" \/>\n<meta property=\"og:url\" content=\"https:\/\/www.santalucia.it\/de\/bar-restaurant-il-pavone\/\" \/>\n<meta property=\"og:site_name\" content=\"Grand Hotel Santa Lucia\" \/>\n<meta name=\"twitter:card\" content=\"summary_large_image\" \/>\n<script type=\"application\/ld+json\" class=\"yoast-schema-graph\">{\"@context\":\"https:\/\/schema.org\",\"@graph\":[{\"@type\":\"WebPage\",\"@id\":\"https:\/\/www.santalucia.it\/de\/bar-restaurant-il-pavone\/\",\"url\":\"https:\/\/www.santalucia.it\/de\/bar-restaurant-il-pavone\/\",\"name\":\"Bar-Restaurant Il Pavone - Grand Hotel Santa Lucia\",\"isPartOf\":{\"@id\":\"https:\/\/www.santalucia.it\/de\/#website\"},\"datePublished\":\"2020-03-24T14:25:47+00:00\",\"breadcrumb\":{\"@id\":\"https:\/\/www.santalucia.it\/de\/bar-restaurant-il-pavone\/#breadcrumb\"},\"inLanguage\":\"de-DE\",\"potentialAction\":[{\"@type\":\"ReadAction\",\"target\":[\"https:\/\/www.santalucia.it\/de\/bar-restaurant-il-pavone\/\"]}]},{\"@type\":\"BreadcrumbList\",\"@id\":\"https:\/\/www.santalucia.it\/de\/bar-restaurant-il-pavone\/#breadcrumb\",\"itemListElement\":[{\"@type\":\"ListItem\",\"position\":1,\"name\":\"Home\",\"item\":\"https:\/\/www.santalucia.it\/de\/\"},{\"@type\":\"ListItem\",\"position\":2,\"name\":\"Bar-Restaurant Il Pavone\"}]},{\"@type\":\"WebSite\",\"@id\":\"https:\/\/www.santalucia.it\/de\/#website\",\"url\":\"https:\/\/www.santalucia.it\/de\/\",\"name\":\"Grand Hotel Santa Lucia\",\"description\":\"Ecco un altro sito ms.decms.eu\",\"potentialAction\":[{\"@type\":\"SearchAction\",\"target\":{\"@type\":\"EntryPoint\",\"urlTemplate\":\"https:\/\/www.santalucia.it\/de\/?s={search_term_string}\"},\"query-input\":{\"@type\":\"PropertyValueSpecification\",\"valueRequired\":true,\"valueName\":\"search_term_string\"}}],\"inLanguage\":\"de-DE\"}]}<\/script>\n<!-- \/ Yoast SEO plugin. -->","yoast_head_json":{"title":"Bar-Restaurant Il Pavone - Grand Hotel Santa Lucia","robots":{"index":"index","follow":"follow","max-snippet":"max-snippet:-1","max-image-preview":"max-image-preview:large","max-video-preview":"max-video-preview:-1"},"canonical":"https:\/\/www.santalucia.it\/de\/bar-restaurant-il-pavone\/","og_locale":"de_DE","og_type":"article","og_title":"Bar-Restaurant Il Pavone - Grand Hotel Santa Lucia","og_description":"Das Bar-Restaurant Il Pavone sollten Sie nicht vers\u00e4umen. Sein schickes, kosmopolitisches Ambiente l\u00e4dt gleicherma\u00dfen zu Lunch, Happy-Hour-Aperitif, bedeutendem Dinner und romantischem Abendessen mit Blick auf das Castel dell\u2019Ovo ein. Die Gerichte des K\u00fcchenchefs sind raffinierte Neuinterpretationen der Klassiker, in denen die lokalen Produkte auf originelle Weise zur Geltung gebracht sind. Gourmet-Men\u00fcs, Kinderteller, Z\u00f6liakie-Di\u00e4t. \u00d6ffnungszeiten: Montag [&hellip;]","og_url":"https:\/\/www.santalucia.it\/de\/bar-restaurant-il-pavone\/","og_site_name":"Grand Hotel Santa Lucia","twitter_card":"summary_large_image","schema":{"@context":"https:\/\/schema.org","@graph":[{"@type":"WebPage","@id":"https:\/\/www.santalucia.it\/de\/bar-restaurant-il-pavone\/","url":"https:\/\/www.santalucia.it\/de\/bar-restaurant-il-pavone\/","name":"Bar-Restaurant Il Pavone - Grand Hotel Santa Lucia","isPartOf":{"@id":"https:\/\/www.santalucia.it\/de\/#website"},"datePublished":"2020-03-24T14:25:47+00:00","breadcrumb":{"@id":"https:\/\/www.santalucia.it\/de\/bar-restaurant-il-pavone\/#breadcrumb"},"inLanguage":"de-DE","potentialAction":[{"@type":"ReadAction","target":["https:\/\/www.santalucia.it\/de\/bar-restaurant-il-pavone\/"]}]},{"@type":"BreadcrumbList","@id":"https:\/\/www.santalucia.it\/de\/bar-restaurant-il-pavone\/#breadcrumb","itemListElement":[{"@type":"ListItem","position":1,"name":"Home","item":"https:\/\/www.santalucia.it\/de\/"},{"@type":"ListItem","position":2,"name":"Bar-Restaurant Il Pavone"}]},{"@type":"WebSite","@id":"https:\/\/www.santalucia.it\/de\/#website","url":"https:\/\/www.santalucia.it\/de\/","name":"Grand Hotel Santa Lucia","description":"Ecco un altro sito ms.decms.eu","potentialAction":[{"@type":"SearchAction","target":{"@type":"EntryPoint","urlTemplate":"https:\/\/www.santalucia.it\/de\/?s={search_term_string}"},"query-input":{"@type":"PropertyValueSpecification","valueRequired":true,"valueName":"search_term_string"}}],"inLanguage":"de-DE"}]}},"acf":[],"_links":{"self":[{"href":"https:\/\/www.santalucia.it\/de\/wp-json\/wp\/v2\/pages\/133","targetHints":{"allow":["GET"]}}],"collection":[{"href":"https:\/\/www.santalucia.it\/de\/wp-json\/wp\/v2\/pages"}],"about":[{"href":"https:\/\/www.santalucia.it\/de\/wp-json\/wp\/v2\/types\/page"}],"author":[{"embeddable":true,"href":"https:\/\/www.santalucia.it\/de\/wp-json\/wp\/v2\/users\/13"}],"replies":[{"embeddable":true,"href":"https:\/\/www.santalucia.it\/de\/wp-json\/wp\/v2\/comments?post=133"}],"version-history":[{"count":0,"href":"https:\/\/www.santalucia.it\/de\/wp-json\/wp\/v2\/pages\/133\/revisions"}],"wp:attachment":[{"href":"https:\/\/www.santalucia.it\/de\/wp-json\/wp\/v2\/media?parent=133"}],"curies":[{"name":"wp","href":"https:\/\/api.w.org\/{rel}","templated":true}]}}