{"id":162,"date":"2020-03-24T16:59:08","date_gmt":"2020-03-24T15:59:08","guid":{"rendered":"http:\/\/santalucia.ms.decms.eu\/?page_id=162"},"modified":"2020-03-26T12:28:34","modified_gmt":"2020-03-26T11:28:34","slug":"meeting","status":"publish","type":"page","link":"https:\/\/www.santalucia.it\/de\/meeting\/","title":{"rendered":"Meeting"},"content":{"rendered":"<p>Kongress- und Meeting-Center am Meer von Neapel.<\/p>\n<p>Das Grand Hotel Santa Lucia, ein luxuri\u00f6ses Hotel im Herzen Neapels, verf\u00fcgt \u00fcber sechst elegante S\u00e4le, die allen Anforderungen von Veranstaltungen, Kongressen und anderen, mit bis zu 180 Teilnehmern gerecht werden. Den Meeting-Veranstaltungen ist ein ganzes Stockwerk des Hotels vorbehalten und die R\u00e4umlichkeiten sind so von den \u00fcbrigen Gesellschaftsr\u00e4umen des Hotels abgeschirmt, dass allen G\u00e4sten zufrieden stellende Aufmerksamkeit und eine gepflegte Privatsph\u00e4re gew\u00e4hrleistet sind.<\/p>\n<p>Die im Grand Hotel Santa Lucia verf\u00fcgbare fortschrittliche technische Ausstattung, der effiziente Service und die Qualit\u00e4t der K\u00fcche sind die gebotenen, unverzichtbaren Voraussetzungen f\u00fcr erfolgreiche Events, die gern erinnert werden.<\/p>\n<p>&nbsp;<\/p>\n<p><a href=\"\/wp-content\/uploads\/sites\/157\/2020\/03\/planimetria-sale-santa-lucia.pdf\" target=\"_blank\" rel=\"noopener noreferrer\">Datenblatt ansehen<\/a><\/p>\n","protected":false},"excerpt":{"rendered":"<p>Kongress- und Meeting-Center am Meer von Neapel. Das Grand Hotel Santa Lucia, ein luxuri\u00f6ses Hotel im Herzen Neapels, verf\u00fcgt \u00fcber sechst elegante S\u00e4le, die allen Anforderungen von Veranstaltungen, Kongressen und anderen, mit bis zu 180 Teilnehmern gerecht werden. Den Meeting-Veranstaltungen ist ein ganzes Stockwerk des Hotels vorbehalten und die R\u00e4umlichkeiten sind so von den \u00fcbrigen [&hellip;]<\/p>\n","protected":false},"author":13,"featured_media":0,"parent":0,"menu_order":6,"comment_status":"closed","ping_status":"closed","template":"","meta":{"footnotes":""},"class_list":["post-162","page","type-page","status-publish","hentry"],"yoast_head":"<!-- This site is optimized with the Yoast SEO plugin v26.9 - https:\/\/yoast.com\/product\/yoast-seo-wordpress\/ -->\n<title>Meeting - Grand Hotel Santa Lucia<\/title>\n<meta name=\"robots\" content=\"index, follow, max-snippet:-1, max-image-preview:large, max-video-preview:-1\" \/>\n<link rel=\"canonical\" href=\"https:\/\/www.santalucia.it\/de\/meeting\/\" \/>\n<meta property=\"og:locale\" content=\"de_DE\" \/>\n<meta property=\"og:type\" content=\"article\" \/>\n<meta property=\"og:title\" content=\"Meeting - Grand Hotel Santa Lucia\" \/>\n<meta property=\"og:description\" content=\"Kongress- und Meeting-Center am Meer von Neapel. Das Grand Hotel Santa Lucia, ein luxuri\u00f6ses Hotel im Herzen Neapels, verf\u00fcgt \u00fcber sechst elegante S\u00e4le, die allen Anforderungen von Veranstaltungen, Kongressen und anderen, mit bis zu 180 Teilnehmern gerecht werden. Den Meeting-Veranstaltungen ist ein ganzes Stockwerk des Hotels vorbehalten und die R\u00e4umlichkeiten sind so von den \u00fcbrigen [&hellip;]\" \/>\n<meta property=\"og:url\" content=\"https:\/\/www.santalucia.it\/de\/meeting\/\" \/>\n<meta property=\"og:site_name\" content=\"Grand Hotel Santa Lucia\" \/>\n<meta property=\"article:modified_time\" content=\"2020-03-26T11:28:34+00:00\" \/>\n<meta name=\"twitter:card\" content=\"summary_large_image\" \/>\n<meta name=\"twitter:label1\" content=\"Gesch\u00e4tzte Lesezeit\" \/>\n\t<meta name=\"twitter:data1\" content=\"1 Minute\" \/>\n<script type=\"application\/ld+json\" class=\"yoast-schema-graph\">{\"@context\":\"https:\/\/schema.org\",\"@graph\":[{\"@type\":\"WebPage\",\"@id\":\"https:\/\/www.santalucia.it\/de\/meeting\/\",\"url\":\"https:\/\/www.santalucia.it\/de\/meeting\/\",\"name\":\"Meeting - Grand Hotel Santa Lucia\",\"isPartOf\":{\"@id\":\"https:\/\/www.santalucia.it\/de\/#website\"},\"datePublished\":\"2020-03-24T15:59:08+00:00\",\"dateModified\":\"2020-03-26T11:28:34+00:00\",\"breadcrumb\":{\"@id\":\"https:\/\/www.santalucia.it\/de\/meeting\/#breadcrumb\"},\"inLanguage\":\"de-DE\",\"potentialAction\":[{\"@type\":\"ReadAction\",\"target\":[\"https:\/\/www.santalucia.it\/de\/meeting\/\"]}]},{\"@type\":\"BreadcrumbList\",\"@id\":\"https:\/\/www.santalucia.it\/de\/meeting\/#breadcrumb\",\"itemListElement\":[{\"@type\":\"ListItem\",\"position\":1,\"name\":\"Home\",\"item\":\"https:\/\/www.santalucia.it\/de\/\"},{\"@type\":\"ListItem\",\"position\":2,\"name\":\"Meeting\"}]},{\"@type\":\"WebSite\",\"@id\":\"https:\/\/www.santalucia.it\/de\/#website\",\"url\":\"https:\/\/www.santalucia.it\/de\/\",\"name\":\"Grand Hotel Santa Lucia\",\"description\":\"Ecco un altro sito ms.decms.eu\",\"potentialAction\":[{\"@type\":\"SearchAction\",\"target\":{\"@type\":\"EntryPoint\",\"urlTemplate\":\"https:\/\/www.santalucia.it\/de\/?s={search_term_string}\"},\"query-input\":{\"@type\":\"PropertyValueSpecification\",\"valueRequired\":true,\"valueName\":\"search_term_string\"}}],\"inLanguage\":\"de-DE\"}]}<\/script>\n<!-- \/ Yoast SEO plugin. -->","yoast_head_json":{"title":"Meeting - Grand Hotel Santa Lucia","robots":{"index":"index","follow":"follow","max-snippet":"max-snippet:-1","max-image-preview":"max-image-preview:large","max-video-preview":"max-video-preview:-1"},"canonical":"https:\/\/www.santalucia.it\/de\/meeting\/","og_locale":"de_DE","og_type":"article","og_title":"Meeting - Grand Hotel Santa Lucia","og_description":"Kongress- und Meeting-Center am Meer von Neapel. Das Grand Hotel Santa Lucia, ein luxuri\u00f6ses Hotel im Herzen Neapels, verf\u00fcgt \u00fcber sechst elegante S\u00e4le, die allen Anforderungen von Veranstaltungen, Kongressen und anderen, mit bis zu 180 Teilnehmern gerecht werden. Den Meeting-Veranstaltungen ist ein ganzes Stockwerk des Hotels vorbehalten und die R\u00e4umlichkeiten sind so von den \u00fcbrigen [&hellip;]","og_url":"https:\/\/www.santalucia.it\/de\/meeting\/","og_site_name":"Grand Hotel Santa Lucia","article_modified_time":"2020-03-26T11:28:34+00:00","twitter_card":"summary_large_image","twitter_misc":{"Gesch\u00e4tzte Lesezeit":"1 Minute"},"schema":{"@context":"https:\/\/schema.org","@graph":[{"@type":"WebPage","@id":"https:\/\/www.santalucia.it\/de\/meeting\/","url":"https:\/\/www.santalucia.it\/de\/meeting\/","name":"Meeting - Grand Hotel Santa Lucia","isPartOf":{"@id":"https:\/\/www.santalucia.it\/de\/#website"},"datePublished":"2020-03-24T15:59:08+00:00","dateModified":"2020-03-26T11:28:34+00:00","breadcrumb":{"@id":"https:\/\/www.santalucia.it\/de\/meeting\/#breadcrumb"},"inLanguage":"de-DE","potentialAction":[{"@type":"ReadAction","target":["https:\/\/www.santalucia.it\/de\/meeting\/"]}]},{"@type":"BreadcrumbList","@id":"https:\/\/www.santalucia.it\/de\/meeting\/#breadcrumb","itemListElement":[{"@type":"ListItem","position":1,"name":"Home","item":"https:\/\/www.santalucia.it\/de\/"},{"@type":"ListItem","position":2,"name":"Meeting"}]},{"@type":"WebSite","@id":"https:\/\/www.santalucia.it\/de\/#website","url":"https:\/\/www.santalucia.it\/de\/","name":"Grand Hotel Santa Lucia","description":"Ecco un altro sito ms.decms.eu","potentialAction":[{"@type":"SearchAction","target":{"@type":"EntryPoint","urlTemplate":"https:\/\/www.santalucia.it\/de\/?s={search_term_string}"},"query-input":{"@type":"PropertyValueSpecification","valueRequired":true,"valueName":"search_term_string"}}],"inLanguage":"de-DE"}]}},"acf":[],"_links":{"self":[{"href":"https:\/\/www.santalucia.it\/de\/wp-json\/wp\/v2\/pages\/162","targetHints":{"allow":["GET"]}}],"collection":[{"href":"https:\/\/www.santalucia.it\/de\/wp-json\/wp\/v2\/pages"}],"about":[{"href":"https:\/\/www.santalucia.it\/de\/wp-json\/wp\/v2\/types\/page"}],"author":[{"embeddable":true,"href":"https:\/\/www.santalucia.it\/de\/wp-json\/wp\/v2\/users\/13"}],"replies":[{"embeddable":true,"href":"https:\/\/www.santalucia.it\/de\/wp-json\/wp\/v2\/comments?post=162"}],"version-history":[{"count":0,"href":"https:\/\/www.santalucia.it\/de\/wp-json\/wp\/v2\/pages\/162\/revisions"}],"wp:attachment":[{"href":"https:\/\/www.santalucia.it\/de\/wp-json\/wp\/v2\/media?parent=162"}],"curies":[{"name":"wp","href":"https:\/\/api.w.org\/{rel}","templated":true}]}}