{"id":168,"date":"2020-03-24T17:08:37","date_gmt":"2020-03-24T16:08:37","guid":{"rendered":"http:\/\/santalucia.ms.decms.eu\/?page_id=168"},"modified":"2020-03-24T17:08:37","modified_gmt":"2020-03-24T16:08:37","slug":"hochzeiten","status":"publish","type":"page","link":"https:\/\/www.santalucia.it\/de\/hochzeiten\/","title":{"rendered":"Hochzeiten"},"content":{"rendered":"<p>Die Brosch\u00fcre Key Group Events herunterladen<\/p>\n<p>Hochzeiten und Bankette im Herzen von Neapel<\/p>\n<p>Das \u201cJa\u201d im Grand Hotel Santa Lucia<\/p>\n<p>Der herrliche Ort der Feier ist ein historisches Geb\u00e4ude, der erste Jugendstil-Palazzo von Neapel, der 1906 vom Comencini erbaut wurde. Es \u00f6ffnet seine Tore, will dabei aber doch die Privatsph\u00e4re einer Luxusbehausung behalten, in der man sich wohl f\u00fchlt.<\/p>\n<p>Der professionelle Service bietet die Voraussetzung, jedes Detail sehr sorgf\u00e4ltig und erfahren zu beachten, ohne irgendwas dem Zufall zu \u00fcberlassen, und dem Brautpaar bei seinen Entscheidungen so zur Hand zu gehen, dass das Ergebnis zum vollen Erfolg wird.<\/p>\n<p>Der klassische gute Geschmack, der sich in der Einrichtung, dem Besteck, der Tischw\u00e4sche und den Dekorationen zeigt, macht das Fest zu einem gediegen eleganten, dabei aber nie \u00fcberzogenem Event.<\/p>\n<p>Das dem Hochzeitsfest abgestellte Team achtet darauf, die W\u00fcnsche von Braut und Br\u00e4utigam harmonisch aufeinander abzustimmen.<\/p>\n<p>Die von erstklassigen Zutaten gepr\u00e4gte Haute Cuisine kann jeden Gaumen mit ihren traditionellen Speisenfolgen oder Gourmet-Men\u00fcs erfreuen.<\/p>\n<p>Die Junior-Suite, in die sich das Brautpaar nach dem Empfang zum ersten Mal als Eheleute zur\u00fcckzieht, ist ein romantischer Rahmen f\u00fcr eine wundervolle erste Nacht, die damit endet, am Morgen vom Zimmerservice mit einem Fr\u00fchst\u00fcck verw\u00f6hnt zu werden, das dem zauberhaften Ausblick auf Golf von Neapel mit seinen intensiven, berauschenden Farben in nichts nachsteht.<\/p>\n<p>Es ist verb\u00fcrgt, dass das Gl\u00fcck die Menschen durchs Leben begleitet, die ihr Ja-Wort im Grand Hotel Santa Lucia gefeiert haben.<\/p>\n","protected":false},"excerpt":{"rendered":"<p>Die Brosch\u00fcre Key Group Events herunterladen Hochzeiten und Bankette im Herzen von Neapel Das \u201cJa\u201d im Grand Hotel Santa Lucia Der herrliche Ort der Feier ist ein historisches Geb\u00e4ude, der erste Jugendstil-Palazzo von Neapel, der 1906 vom Comencini erbaut wurde. Es \u00f6ffnet seine Tore, will dabei aber doch die Privatsph\u00e4re einer Luxusbehausung behalten, in der [&hellip;]<\/p>\n","protected":false},"author":13,"featured_media":0,"parent":0,"menu_order":7,"comment_status":"closed","ping_status":"closed","template":"template-wellness.php","meta":{"footnotes":""},"class_list":["post-168","page","type-page","status-publish","hentry"],"yoast_head":"<!-- This site is optimized with the Yoast SEO plugin v26.9 - https:\/\/yoast.com\/product\/yoast-seo-wordpress\/ -->\n<title>Hochzeiten - Grand Hotel Santa Lucia<\/title>\n<meta name=\"robots\" content=\"index, follow, max-snippet:-1, max-image-preview:large, max-video-preview:-1\" \/>\n<link rel=\"canonical\" href=\"https:\/\/www.santalucia.it\/de\/hochzeiten\/\" \/>\n<meta property=\"og:locale\" content=\"de_DE\" \/>\n<meta property=\"og:type\" content=\"article\" \/>\n<meta property=\"og:title\" content=\"Hochzeiten - Grand Hotel Santa Lucia\" \/>\n<meta property=\"og:description\" content=\"Die Brosch\u00fcre Key Group Events herunterladen Hochzeiten und Bankette im Herzen von Neapel Das \u201cJa\u201d im Grand Hotel Santa Lucia Der herrliche Ort der Feier ist ein historisches Geb\u00e4ude, der erste Jugendstil-Palazzo von Neapel, der 1906 vom Comencini erbaut wurde. Es \u00f6ffnet seine Tore, will dabei aber doch die Privatsph\u00e4re einer Luxusbehausung behalten, in der [&hellip;]\" \/>\n<meta property=\"og:url\" content=\"https:\/\/www.santalucia.it\/de\/hochzeiten\/\" \/>\n<meta property=\"og:site_name\" content=\"Grand Hotel Santa Lucia\" \/>\n<meta name=\"twitter:card\" content=\"summary_large_image\" \/>\n<meta name=\"twitter:label1\" content=\"Gesch\u00e4tzte Lesezeit\" \/>\n\t<meta name=\"twitter:data1\" content=\"1 Minute\" \/>\n<script type=\"application\/ld+json\" class=\"yoast-schema-graph\">{\"@context\":\"https:\/\/schema.org\",\"@graph\":[{\"@type\":\"WebPage\",\"@id\":\"https:\/\/www.santalucia.it\/de\/hochzeiten\/\",\"url\":\"https:\/\/www.santalucia.it\/de\/hochzeiten\/\",\"name\":\"Hochzeiten - Grand Hotel Santa Lucia\",\"isPartOf\":{\"@id\":\"https:\/\/www.santalucia.it\/de\/#website\"},\"datePublished\":\"2020-03-24T16:08:37+00:00\",\"breadcrumb\":{\"@id\":\"https:\/\/www.santalucia.it\/de\/hochzeiten\/#breadcrumb\"},\"inLanguage\":\"de-DE\",\"potentialAction\":[{\"@type\":\"ReadAction\",\"target\":[\"https:\/\/www.santalucia.it\/de\/hochzeiten\/\"]}]},{\"@type\":\"BreadcrumbList\",\"@id\":\"https:\/\/www.santalucia.it\/de\/hochzeiten\/#breadcrumb\",\"itemListElement\":[{\"@type\":\"ListItem\",\"position\":1,\"name\":\"Home\",\"item\":\"https:\/\/www.santalucia.it\/de\/\"},{\"@type\":\"ListItem\",\"position\":2,\"name\":\"Hochzeiten\"}]},{\"@type\":\"WebSite\",\"@id\":\"https:\/\/www.santalucia.it\/de\/#website\",\"url\":\"https:\/\/www.santalucia.it\/de\/\",\"name\":\"Grand Hotel Santa Lucia\",\"description\":\"Ecco un altro sito ms.decms.eu\",\"potentialAction\":[{\"@type\":\"SearchAction\",\"target\":{\"@type\":\"EntryPoint\",\"urlTemplate\":\"https:\/\/www.santalucia.it\/de\/?s={search_term_string}\"},\"query-input\":{\"@type\":\"PropertyValueSpecification\",\"valueRequired\":true,\"valueName\":\"search_term_string\"}}],\"inLanguage\":\"de-DE\"}]}<\/script>\n<!-- \/ Yoast SEO plugin. -->","yoast_head_json":{"title":"Hochzeiten - Grand Hotel Santa Lucia","robots":{"index":"index","follow":"follow","max-snippet":"max-snippet:-1","max-image-preview":"max-image-preview:large","max-video-preview":"max-video-preview:-1"},"canonical":"https:\/\/www.santalucia.it\/de\/hochzeiten\/","og_locale":"de_DE","og_type":"article","og_title":"Hochzeiten - Grand Hotel Santa Lucia","og_description":"Die Brosch\u00fcre Key Group Events herunterladen Hochzeiten und Bankette im Herzen von Neapel Das \u201cJa\u201d im Grand Hotel Santa Lucia Der herrliche Ort der Feier ist ein historisches Geb\u00e4ude, der erste Jugendstil-Palazzo von Neapel, der 1906 vom Comencini erbaut wurde. Es \u00f6ffnet seine Tore, will dabei aber doch die Privatsph\u00e4re einer Luxusbehausung behalten, in der [&hellip;]","og_url":"https:\/\/www.santalucia.it\/de\/hochzeiten\/","og_site_name":"Grand Hotel Santa Lucia","twitter_card":"summary_large_image","twitter_misc":{"Gesch\u00e4tzte Lesezeit":"1 Minute"},"schema":{"@context":"https:\/\/schema.org","@graph":[{"@type":"WebPage","@id":"https:\/\/www.santalucia.it\/de\/hochzeiten\/","url":"https:\/\/www.santalucia.it\/de\/hochzeiten\/","name":"Hochzeiten - Grand Hotel Santa Lucia","isPartOf":{"@id":"https:\/\/www.santalucia.it\/de\/#website"},"datePublished":"2020-03-24T16:08:37+00:00","breadcrumb":{"@id":"https:\/\/www.santalucia.it\/de\/hochzeiten\/#breadcrumb"},"inLanguage":"de-DE","potentialAction":[{"@type":"ReadAction","target":["https:\/\/www.santalucia.it\/de\/hochzeiten\/"]}]},{"@type":"BreadcrumbList","@id":"https:\/\/www.santalucia.it\/de\/hochzeiten\/#breadcrumb","itemListElement":[{"@type":"ListItem","position":1,"name":"Home","item":"https:\/\/www.santalucia.it\/de\/"},{"@type":"ListItem","position":2,"name":"Hochzeiten"}]},{"@type":"WebSite","@id":"https:\/\/www.santalucia.it\/de\/#website","url":"https:\/\/www.santalucia.it\/de\/","name":"Grand Hotel Santa Lucia","description":"Ecco un altro sito ms.decms.eu","potentialAction":[{"@type":"SearchAction","target":{"@type":"EntryPoint","urlTemplate":"https:\/\/www.santalucia.it\/de\/?s={search_term_string}"},"query-input":{"@type":"PropertyValueSpecification","valueRequired":true,"valueName":"search_term_string"}}],"inLanguage":"de-DE"}]}},"acf":[],"_links":{"self":[{"href":"https:\/\/www.santalucia.it\/de\/wp-json\/wp\/v2\/pages\/168","targetHints":{"allow":["GET"]}}],"collection":[{"href":"https:\/\/www.santalucia.it\/de\/wp-json\/wp\/v2\/pages"}],"about":[{"href":"https:\/\/www.santalucia.it\/de\/wp-json\/wp\/v2\/types\/page"}],"author":[{"embeddable":true,"href":"https:\/\/www.santalucia.it\/de\/wp-json\/wp\/v2\/users\/13"}],"replies":[{"embeddable":true,"href":"https:\/\/www.santalucia.it\/de\/wp-json\/wp\/v2\/comments?post=168"}],"version-history":[{"count":0,"href":"https:\/\/www.santalucia.it\/de\/wp-json\/wp\/v2\/pages\/168\/revisions"}],"wp:attachment":[{"href":"https:\/\/www.santalucia.it\/de\/wp-json\/wp\/v2\/media?parent=168"}],"curies":[{"name":"wp","href":"https:\/\/api.w.org\/{rel}","templated":true}]}}