{"id":75,"date":"2020-03-20T17:35:06","date_gmt":"2020-03-20T16:35:06","guid":{"rendered":"http:\/\/santalucia.ms.decms.eu\/?page_id=75"},"modified":"2020-03-25T15:44:44","modified_gmt":"2020-03-25T14:44:44","slug":"grand-hotel-saint-lucia","status":"publish","type":"page","link":"https:\/\/www.santalucia.it\/de\/","title":{"rendered":"Grand Hotel Saint Lucia"},"content":{"rendered":"<p>Eleganz und Entspannung am Golf von Neapel.<\/p>\n<p>In der N\u00e4he des Hafens und der Altstadt, unmittelbar bei den Einkaufsstra\u00dfen, nur einen kurzen Spaziergang vom K\u00f6nigspalast und dem Teatro San Carlo entfernt.<\/p>\n<p>Kontaktieren Sie uns unter +39.81.7640666 \u2013 reception@santalucia.it<\/p>\n<p>Wir helfen Ihnen, Ihren Aufenthalt zu gestalten. Mit unseren F\u00fchrungen f\u00fcr Erwachsene und Kinder k\u00f6nnen Sie Wunder der Stadt erkunden, um sich nachher mit einer Massage im Beauty Room zu entspannen und dann im Restaurant Il Pavone die Gerichte unseres K\u00fcchenchefs zu genie\u00dfen.<\/p>\n","protected":false},"excerpt":{"rendered":"<p>Eleganz und Entspannung am Golf von Neapel. In der N\u00e4he des Hafens und der Altstadt, unmittelbar bei den Einkaufsstra\u00dfen, nur einen kurzen Spaziergang vom K\u00f6nigspalast und dem Teatro San Carlo entfernt. Kontaktieren Sie uns unter +39.81.7640666 \u2013 reception@santalucia.it Wir helfen Ihnen, Ihren Aufenthalt zu gestalten. Mit unseren F\u00fchrungen f\u00fcr Erwachsene und Kinder k\u00f6nnen Sie Wunder [&hellip;]<\/p>\n","protected":false},"author":13,"featured_media":0,"parent":0,"menu_order":1,"comment_status":"closed","ping_status":"open","template":"","meta":{"footnotes":""},"class_list":["post-75","page","type-page","status-publish","hentry"],"yoast_head":"<!-- This site is optimized with the Yoast SEO plugin v26.9 - https:\/\/yoast.com\/product\/yoast-seo-wordpress\/ -->\n<title>Grand Hotel Saint Lucia - Grand Hotel Santa Lucia<\/title>\n<meta name=\"robots\" content=\"index, follow, max-snippet:-1, max-image-preview:large, max-video-preview:-1\" \/>\n<link rel=\"canonical\" href=\"https:\/\/www.santalucia.it\/de\/\" \/>\n<meta property=\"og:locale\" content=\"de_DE\" \/>\n<meta property=\"og:type\" content=\"article\" \/>\n<meta property=\"og:title\" content=\"Grand Hotel Saint Lucia - Grand Hotel Santa Lucia\" \/>\n<meta property=\"og:description\" content=\"Eleganz und Entspannung am Golf von Neapel. In der N\u00e4he des Hafens und der Altstadt, unmittelbar bei den Einkaufsstra\u00dfen, nur einen kurzen Spaziergang vom K\u00f6nigspalast und dem Teatro San Carlo entfernt. Kontaktieren Sie uns unter +39.81.7640666 \u2013 reception@santalucia.it Wir helfen Ihnen, Ihren Aufenthalt zu gestalten. Mit unseren F\u00fchrungen f\u00fcr Erwachsene und Kinder k\u00f6nnen Sie Wunder [&hellip;]\" \/>\n<meta property=\"og:url\" content=\"https:\/\/www.santalucia.it\/de\/\" \/>\n<meta property=\"og:site_name\" content=\"Grand Hotel Santa Lucia\" \/>\n<meta property=\"article:modified_time\" content=\"2020-03-25T14:44:44+00:00\" \/>\n<meta name=\"twitter:card\" content=\"summary_large_image\" \/>\n<script type=\"application\/ld+json\" class=\"yoast-schema-graph\">{\"@context\":\"https:\/\/schema.org\",\"@graph\":[{\"@type\":\"WebPage\",\"@id\":\"https:\/\/www.santalucia.it\/de\/\",\"url\":\"https:\/\/www.santalucia.it\/de\/\",\"name\":\"Grand Hotel Saint Lucia - Grand Hotel Santa Lucia\",\"isPartOf\":{\"@id\":\"https:\/\/www.santalucia.it\/de\/#website\"},\"datePublished\":\"2020-03-20T16:35:06+00:00\",\"dateModified\":\"2020-03-25T14:44:44+00:00\",\"breadcrumb\":{\"@id\":\"https:\/\/www.santalucia.it\/de\/#breadcrumb\"},\"inLanguage\":\"de-DE\",\"potentialAction\":[{\"@type\":\"ReadAction\",\"target\":[\"https:\/\/www.santalucia.it\/de\/\"]}]},{\"@type\":\"BreadcrumbList\",\"@id\":\"https:\/\/www.santalucia.it\/de\/#breadcrumb\",\"itemListElement\":[{\"@type\":\"ListItem\",\"position\":1,\"name\":\"Home\",\"item\":\"https:\/\/www.santalucia.it\/de\/\"},{\"@type\":\"ListItem\",\"position\":2,\"name\":\"Grand Hotel Saint Lucia\"}]},{\"@type\":\"WebSite\",\"@id\":\"https:\/\/www.santalucia.it\/de\/#website\",\"url\":\"https:\/\/www.santalucia.it\/de\/\",\"name\":\"Grand Hotel Santa Lucia\",\"description\":\"Ecco un altro sito ms.decms.eu\",\"potentialAction\":[{\"@type\":\"SearchAction\",\"target\":{\"@type\":\"EntryPoint\",\"urlTemplate\":\"https:\/\/www.santalucia.it\/de\/?s={search_term_string}\"},\"query-input\":{\"@type\":\"PropertyValueSpecification\",\"valueRequired\":true,\"valueName\":\"search_term_string\"}}],\"inLanguage\":\"de-DE\"}]}<\/script>\n<!-- \/ Yoast SEO plugin. -->","yoast_head_json":{"title":"Grand Hotel Saint Lucia - Grand Hotel Santa Lucia","robots":{"index":"index","follow":"follow","max-snippet":"max-snippet:-1","max-image-preview":"max-image-preview:large","max-video-preview":"max-video-preview:-1"},"canonical":"https:\/\/www.santalucia.it\/de\/","og_locale":"de_DE","og_type":"article","og_title":"Grand Hotel Saint Lucia - Grand Hotel Santa Lucia","og_description":"Eleganz und Entspannung am Golf von Neapel. In der N\u00e4he des Hafens und der Altstadt, unmittelbar bei den Einkaufsstra\u00dfen, nur einen kurzen Spaziergang vom K\u00f6nigspalast und dem Teatro San Carlo entfernt. Kontaktieren Sie uns unter +39.81.7640666 \u2013 reception@santalucia.it Wir helfen Ihnen, Ihren Aufenthalt zu gestalten. Mit unseren F\u00fchrungen f\u00fcr Erwachsene und Kinder k\u00f6nnen Sie Wunder [&hellip;]","og_url":"https:\/\/www.santalucia.it\/de\/","og_site_name":"Grand Hotel Santa Lucia","article_modified_time":"2020-03-25T14:44:44+00:00","twitter_card":"summary_large_image","schema":{"@context":"https:\/\/schema.org","@graph":[{"@type":"WebPage","@id":"https:\/\/www.santalucia.it\/de\/","url":"https:\/\/www.santalucia.it\/de\/","name":"Grand Hotel Saint Lucia - Grand Hotel Santa Lucia","isPartOf":{"@id":"https:\/\/www.santalucia.it\/de\/#website"},"datePublished":"2020-03-20T16:35:06+00:00","dateModified":"2020-03-25T14:44:44+00:00","breadcrumb":{"@id":"https:\/\/www.santalucia.it\/de\/#breadcrumb"},"inLanguage":"de-DE","potentialAction":[{"@type":"ReadAction","target":["https:\/\/www.santalucia.it\/de\/"]}]},{"@type":"BreadcrumbList","@id":"https:\/\/www.santalucia.it\/de\/#breadcrumb","itemListElement":[{"@type":"ListItem","position":1,"name":"Home","item":"https:\/\/www.santalucia.it\/de\/"},{"@type":"ListItem","position":2,"name":"Grand Hotel Saint Lucia"}]},{"@type":"WebSite","@id":"https:\/\/www.santalucia.it\/de\/#website","url":"https:\/\/www.santalucia.it\/de\/","name":"Grand Hotel Santa Lucia","description":"Ecco un altro sito ms.decms.eu","potentialAction":[{"@type":"SearchAction","target":{"@type":"EntryPoint","urlTemplate":"https:\/\/www.santalucia.it\/de\/?s={search_term_string}"},"query-input":{"@type":"PropertyValueSpecification","valueRequired":true,"valueName":"search_term_string"}}],"inLanguage":"de-DE"}]}},"acf":[],"_links":{"self":[{"href":"https:\/\/www.santalucia.it\/de\/wp-json\/wp\/v2\/pages\/75","targetHints":{"allow":["GET"]}}],"collection":[{"href":"https:\/\/www.santalucia.it\/de\/wp-json\/wp\/v2\/pages"}],"about":[{"href":"https:\/\/www.santalucia.it\/de\/wp-json\/wp\/v2\/types\/page"}],"author":[{"embeddable":true,"href":"https:\/\/www.santalucia.it\/de\/wp-json\/wp\/v2\/users\/13"}],"replies":[{"embeddable":true,"href":"https:\/\/www.santalucia.it\/de\/wp-json\/wp\/v2\/comments?post=75"}],"version-history":[{"count":0,"href":"https:\/\/www.santalucia.it\/de\/wp-json\/wp\/v2\/pages\/75\/revisions"}],"wp:attachment":[{"href":"https:\/\/www.santalucia.it\/de\/wp-json\/wp\/v2\/media?parent=75"}],"curies":[{"name":"wp","href":"https:\/\/api.w.org\/{rel}","templated":true}]}}