{"id":89,"date":"2020-03-23T16:58:36","date_gmt":"2020-03-23T15:58:36","guid":{"rendered":"http:\/\/santalucia.ms.decms.eu\/?page_id=89"},"modified":"2020-03-23T16:58:36","modified_gmt":"2020-03-23T15:58:36","slug":"zimmer","status":"publish","type":"page","link":"https:\/\/www.santalucia.it\/de\/zimmer\/","title":{"rendered":"Zimmer"},"content":{"rendered":"<div id=\"body_content\" class=\"mCustomScrollbar _mCS_1\">\n<div id=\"mCSB_1\" class=\"mCustomScrollBox mCS-light mCSB_vertical mCSB_inside\" tabindex=\"0\">\n<div id=\"mCSB_1_container\" class=\"mCSB_container\" dir=\"ltr\">\n<div id=\"body_content_int\">\n<div class=\"body\">\n<p>An der sch\u00f6nsten Strandpromenade der Welt bietet das Grand Hotel Santa Lucia mit seinen 95 Zimmern und seinem untadelig gepflegten Service den Rahmen f\u00fcr unvergessliche Aufenthalte.<\/p>\n<p>Die gem\u00fctlichen, raffiniert eingerichteten und ausgestatteten Zimmer unterscheiden sich in den Kategorien Classic, Deluxe, Superior und Suiten. Einige wurden k\u00fcrzlich neu und so ausgestattet, dass sie auch den ausgefallensten W\u00fcnschen der G\u00e4ste gen\u00fcgen.<\/p>\n<p>AUSSTATTUNG DER ZIMMER<\/p>\n<ul>\n<li>Elektronischer Schl\u00fcssel,<\/li>\n<li>Heizung und Klimaanlage,<\/li>\n<li>Safe,<\/li>\n<li>digitale TV-Kan\u00e4le,<\/li>\n<li>Pay-TV Sky (Filme uns Sport),<\/li>\n<li>Telefon mit Durchwahl,<\/li>\n<li>kostenlose WLAN-Verbindung,<\/li>\n<li>Minibar,<\/li>\n<li>Haartrockner,<\/li>\n<li>Badem\u00e4ntel und Hausschuhe,<\/li>\n<li>Pflegeprodukte.<\/li>\n<\/ul>\n<\/div>\n<\/div>\n<\/div>\n<div id=\"mCSB_1_scrollbar_vertical\" class=\"mCSB_scrollTools mCSB_1_scrollbar mCS-light mCSB_scrollTools_vertical mCSB_scrollTools_onDrag\">\n<div class=\"mCSB_draggerContainer\">\n<div id=\"mCSB_1_dragger_vertical\" class=\"mCSB_dragger mCSB_dragger_onDrag\">\n<div class=\"mCSB_dragger_bar\"><\/div>\n<\/div>\n<div class=\"mCSB_draggerRail\"><\/div>\n<\/div>\n<\/div>\n<\/div>\n<\/div>\n<div id=\"book_room_container\"><\/div>\n","protected":false},"excerpt":{"rendered":"<p>An der sch\u00f6nsten Strandpromenade der Welt bietet das Grand Hotel Santa Lucia mit seinen 95 Zimmern und seinem untadelig gepflegten Service den Rahmen f\u00fcr unvergessliche Aufenthalte. Die gem\u00fctlichen, raffiniert eingerichteten und ausgestatteten Zimmer unterscheiden sich in den Kategorien Classic, Deluxe, Superior und Suiten. Einige wurden k\u00fcrzlich neu und so ausgestattet, dass sie auch den ausgefallensten [&hellip;]<\/p>\n","protected":false},"author":13,"featured_media":0,"parent":0,"menu_order":3,"comment_status":"closed","ping_status":"closed","template":"template-rooms.php","meta":{"footnotes":""},"class_list":["post-89","page","type-page","status-publish","hentry"],"yoast_head":"<!-- This site is optimized with the Yoast SEO plugin v26.9 - https:\/\/yoast.com\/product\/yoast-seo-wordpress\/ -->\n<title>Zimmer - Grand Hotel Santa Lucia<\/title>\n<meta name=\"robots\" content=\"index, follow, max-snippet:-1, max-image-preview:large, max-video-preview:-1\" \/>\n<link rel=\"canonical\" href=\"https:\/\/www.santalucia.it\/de\/zimmer\/\" \/>\n<meta property=\"og:locale\" content=\"de_DE\" \/>\n<meta property=\"og:type\" content=\"article\" \/>\n<meta property=\"og:title\" content=\"Zimmer - Grand Hotel Santa Lucia\" \/>\n<meta property=\"og:description\" content=\"An der sch\u00f6nsten Strandpromenade der Welt bietet das Grand Hotel Santa Lucia mit seinen 95 Zimmern und seinem untadelig gepflegten Service den Rahmen f\u00fcr unvergessliche Aufenthalte. Die gem\u00fctlichen, raffiniert eingerichteten und ausgestatteten Zimmer unterscheiden sich in den Kategorien Classic, Deluxe, Superior und Suiten. Einige wurden k\u00fcrzlich neu und so ausgestattet, dass sie auch den ausgefallensten [&hellip;]\" \/>\n<meta property=\"og:url\" content=\"https:\/\/www.santalucia.it\/de\/zimmer\/\" \/>\n<meta property=\"og:site_name\" content=\"Grand Hotel Santa Lucia\" \/>\n<meta name=\"twitter:card\" content=\"summary_large_image\" \/>\n<script type=\"application\/ld+json\" class=\"yoast-schema-graph\">{\"@context\":\"https:\/\/schema.org\",\"@graph\":[{\"@type\":\"WebPage\",\"@id\":\"https:\/\/www.santalucia.it\/de\/zimmer\/\",\"url\":\"https:\/\/www.santalucia.it\/de\/zimmer\/\",\"name\":\"Zimmer - Grand Hotel Santa Lucia\",\"isPartOf\":{\"@id\":\"https:\/\/www.santalucia.it\/de\/#website\"},\"datePublished\":\"2020-03-23T15:58:36+00:00\",\"breadcrumb\":{\"@id\":\"https:\/\/www.santalucia.it\/de\/zimmer\/#breadcrumb\"},\"inLanguage\":\"de-DE\",\"potentialAction\":[{\"@type\":\"ReadAction\",\"target\":[\"https:\/\/www.santalucia.it\/de\/zimmer\/\"]}]},{\"@type\":\"BreadcrumbList\",\"@id\":\"https:\/\/www.santalucia.it\/de\/zimmer\/#breadcrumb\",\"itemListElement\":[{\"@type\":\"ListItem\",\"position\":1,\"name\":\"Home\",\"item\":\"https:\/\/www.santalucia.it\/de\/\"},{\"@type\":\"ListItem\",\"position\":2,\"name\":\"Zimmer\"}]},{\"@type\":\"WebSite\",\"@id\":\"https:\/\/www.santalucia.it\/de\/#website\",\"url\":\"https:\/\/www.santalucia.it\/de\/\",\"name\":\"Grand Hotel Santa Lucia\",\"description\":\"Ecco un altro sito ms.decms.eu\",\"potentialAction\":[{\"@type\":\"SearchAction\",\"target\":{\"@type\":\"EntryPoint\",\"urlTemplate\":\"https:\/\/www.santalucia.it\/de\/?s={search_term_string}\"},\"query-input\":{\"@type\":\"PropertyValueSpecification\",\"valueRequired\":true,\"valueName\":\"search_term_string\"}}],\"inLanguage\":\"de-DE\"}]}<\/script>\n<!-- \/ Yoast SEO plugin. -->","yoast_head_json":{"title":"Zimmer - Grand Hotel Santa Lucia","robots":{"index":"index","follow":"follow","max-snippet":"max-snippet:-1","max-image-preview":"max-image-preview:large","max-video-preview":"max-video-preview:-1"},"canonical":"https:\/\/www.santalucia.it\/de\/zimmer\/","og_locale":"de_DE","og_type":"article","og_title":"Zimmer - Grand Hotel Santa Lucia","og_description":"An der sch\u00f6nsten Strandpromenade der Welt bietet das Grand Hotel Santa Lucia mit seinen 95 Zimmern und seinem untadelig gepflegten Service den Rahmen f\u00fcr unvergessliche Aufenthalte. Die gem\u00fctlichen, raffiniert eingerichteten und ausgestatteten Zimmer unterscheiden sich in den Kategorien Classic, Deluxe, Superior und Suiten. Einige wurden k\u00fcrzlich neu und so ausgestattet, dass sie auch den ausgefallensten [&hellip;]","og_url":"https:\/\/www.santalucia.it\/de\/zimmer\/","og_site_name":"Grand Hotel Santa Lucia","twitter_card":"summary_large_image","schema":{"@context":"https:\/\/schema.org","@graph":[{"@type":"WebPage","@id":"https:\/\/www.santalucia.it\/de\/zimmer\/","url":"https:\/\/www.santalucia.it\/de\/zimmer\/","name":"Zimmer - Grand Hotel Santa Lucia","isPartOf":{"@id":"https:\/\/www.santalucia.it\/de\/#website"},"datePublished":"2020-03-23T15:58:36+00:00","breadcrumb":{"@id":"https:\/\/www.santalucia.it\/de\/zimmer\/#breadcrumb"},"inLanguage":"de-DE","potentialAction":[{"@type":"ReadAction","target":["https:\/\/www.santalucia.it\/de\/zimmer\/"]}]},{"@type":"BreadcrumbList","@id":"https:\/\/www.santalucia.it\/de\/zimmer\/#breadcrumb","itemListElement":[{"@type":"ListItem","position":1,"name":"Home","item":"https:\/\/www.santalucia.it\/de\/"},{"@type":"ListItem","position":2,"name":"Zimmer"}]},{"@type":"WebSite","@id":"https:\/\/www.santalucia.it\/de\/#website","url":"https:\/\/www.santalucia.it\/de\/","name":"Grand Hotel Santa Lucia","description":"Ecco un altro sito ms.decms.eu","potentialAction":[{"@type":"SearchAction","target":{"@type":"EntryPoint","urlTemplate":"https:\/\/www.santalucia.it\/de\/?s={search_term_string}"},"query-input":{"@type":"PropertyValueSpecification","valueRequired":true,"valueName":"search_term_string"}}],"inLanguage":"de-DE"}]}},"acf":[],"_links":{"self":[{"href":"https:\/\/www.santalucia.it\/de\/wp-json\/wp\/v2\/pages\/89","targetHints":{"allow":["GET"]}}],"collection":[{"href":"https:\/\/www.santalucia.it\/de\/wp-json\/wp\/v2\/pages"}],"about":[{"href":"https:\/\/www.santalucia.it\/de\/wp-json\/wp\/v2\/types\/page"}],"author":[{"embeddable":true,"href":"https:\/\/www.santalucia.it\/de\/wp-json\/wp\/v2\/users\/13"}],"replies":[{"embeddable":true,"href":"https:\/\/www.santalucia.it\/de\/wp-json\/wp\/v2\/comments?post=89"}],"version-history":[{"count":0,"href":"https:\/\/www.santalucia.it\/de\/wp-json\/wp\/v2\/pages\/89\/revisions"}],"wp:attachment":[{"href":"https:\/\/www.santalucia.it\/de\/wp-json\/wp\/v2\/media?parent=89"}],"curies":[{"name":"wp","href":"https:\/\/api.w.org\/{rel}","templated":true}]}}