{"id":171,"date":"2020-03-24T17:09:21","date_gmt":"2020-03-24T16:09:21","guid":{"rendered":"http:\/\/santalucia.ms.decms.eu\/?page_id=171"},"modified":"2020-03-24T17:09:37","modified_gmt":"2020-03-24T16:09:37","slug":"bodas","status":"publish","type":"page","link":"https:\/\/www.santalucia.it\/es\/bodas\/","title":{"rendered":"Bodas"},"content":{"rendered":"<p>Descargue el folleto de eventos de grupo<\/p>\n<p>Bodas y banquetes en el coraz\u00f3n de N\u00e1poles<\/p>\n<p>El \u00abs\u00ed\u00bb en el Grand Hotel Santa Luc\u00eda<\/p>\n<p>La maravillosa ubicaci\u00f3n es hogar de un edificio hist\u00f3rico, el primer palacio Liberty de N\u00e1poles, construido por el arquitecto Comencini en el a\u00f1o 1906, que abre sus puertas manteniendo la intimidad de un edificio de lujo en la que sentirse c\u00f3modo.<\/p>\n<p>La profesionalidad del servicio permite tratar el evento con gran atenci\u00f3n y experiencia, sin dejar nada al azar, asesorando a los futuros esposos en sus opciones para conseguir un resultado perfecto.<\/p>\n<p>El gusto cl\u00e1sico pero actualizado del mobiliario, la cuberter\u00eda, la manteler\u00eda y el acondicionamiento caracterizan el evento, asumiendo un tono elegante sin ser excesivo.<\/p>\n<p>La disponibilidad de todo el personal dedicado a la boda hace que las exigencias de los novios sean armoniosas y compatibles.<\/p>\n<p>La alta cocina es apreciada por todos los paladares, garantizando la calidad de las materias primas y proponiendo un men\u00fa tradicional o gourmet.<\/p>\n<p>La Suite junior que esperar\u00e1 a los novios despu\u00e9s de su primera recepci\u00f3n como marido y mujer har\u00e1 que su noche sea rom\u00e1ntica y maravillosa, por la ma\u00f1ana, el servicio de habitaciones mimar\u00e1 a la pareja con un desayuno en la habitaci\u00f3n, en compa\u00f1\u00eda del fascinante panorama del golfo de N\u00e1poles, repleto de colores intensos y embriagantes.<\/p>\n<p>La suerte siempre acompa\u00f1ar\u00e1 a quienes celebren con nosotros su boda en el Grand Hotel Santa Luc\u00eda.<\/p>\n","protected":false},"excerpt":{"rendered":"<p>Descargue el folleto de eventos de grupo Bodas y banquetes en el coraz\u00f3n de N\u00e1poles El \u00abs\u00ed\u00bb en el Grand Hotel Santa Luc\u00eda La maravillosa ubicaci\u00f3n es hogar de un edificio hist\u00f3rico, el primer palacio Liberty de N\u00e1poles, construido por el arquitecto Comencini en el a\u00f1o 1906, que abre sus puertas manteniendo la intimidad de [&hellip;]<\/p>\n","protected":false},"author":13,"featured_media":0,"parent":0,"menu_order":7,"comment_status":"closed","ping_status":"closed","template":"template-wellness.php","meta":{"footnotes":""},"class_list":["post-171","page","type-page","status-publish","hentry"],"yoast_head":"<!-- This site is optimized with the Yoast SEO plugin v26.9 - https:\/\/yoast.com\/product\/yoast-seo-wordpress\/ -->\n<title>Bodas - Grand Hotel Santa Lucia<\/title>\n<meta name=\"robots\" content=\"index, follow, max-snippet:-1, max-image-preview:large, max-video-preview:-1\" \/>\n<link rel=\"canonical\" href=\"https:\/\/www.santalucia.it\/es\/bodas\/\" \/>\n<meta property=\"og:locale\" content=\"es_ES\" \/>\n<meta property=\"og:type\" content=\"article\" \/>\n<meta property=\"og:title\" content=\"Bodas - Grand Hotel Santa Lucia\" \/>\n<meta property=\"og:description\" content=\"Descargue el folleto de eventos de grupo Bodas y banquetes en el coraz\u00f3n de N\u00e1poles El \u00abs\u00ed\u00bb en el Grand Hotel Santa Luc\u00eda La maravillosa ubicaci\u00f3n es hogar de un edificio hist\u00f3rico, el primer palacio Liberty de N\u00e1poles, construido por el arquitecto Comencini en el a\u00f1o 1906, que abre sus puertas manteniendo la intimidad de [&hellip;]\" \/>\n<meta property=\"og:url\" content=\"https:\/\/www.santalucia.it\/es\/bodas\/\" \/>\n<meta property=\"og:site_name\" content=\"Grand Hotel Santa Lucia\" \/>\n<meta property=\"article:modified_time\" content=\"2020-03-24T16:09:37+00:00\" \/>\n<meta name=\"twitter:card\" content=\"summary_large_image\" \/>\n<meta name=\"twitter:label1\" content=\"Tiempo de lectura\" \/>\n\t<meta name=\"twitter:data1\" content=\"1 minuto\" \/>\n<script type=\"application\/ld+json\" class=\"yoast-schema-graph\">{\"@context\":\"https:\/\/schema.org\",\"@graph\":[{\"@type\":\"WebPage\",\"@id\":\"https:\/\/www.santalucia.it\/es\/bodas\/\",\"url\":\"https:\/\/www.santalucia.it\/es\/bodas\/\",\"name\":\"Bodas - Grand Hotel Santa Lucia\",\"isPartOf\":{\"@id\":\"https:\/\/www.santalucia.it\/es\/#website\"},\"datePublished\":\"2020-03-24T16:09:21+00:00\",\"dateModified\":\"2020-03-24T16:09:37+00:00\",\"breadcrumb\":{\"@id\":\"https:\/\/www.santalucia.it\/es\/bodas\/#breadcrumb\"},\"inLanguage\":\"es\",\"potentialAction\":[{\"@type\":\"ReadAction\",\"target\":[\"https:\/\/www.santalucia.it\/es\/bodas\/\"]}]},{\"@type\":\"BreadcrumbList\",\"@id\":\"https:\/\/www.santalucia.it\/es\/bodas\/#breadcrumb\",\"itemListElement\":[{\"@type\":\"ListItem\",\"position\":1,\"name\":\"Home\",\"item\":\"https:\/\/www.santalucia.it\/es\/\"},{\"@type\":\"ListItem\",\"position\":2,\"name\":\"Bodas\"}]},{\"@type\":\"WebSite\",\"@id\":\"https:\/\/www.santalucia.it\/es\/#website\",\"url\":\"https:\/\/www.santalucia.it\/es\/\",\"name\":\"Grand Hotel Santa Lucia\",\"description\":\"Ecco un altro sito ms.decms.eu\",\"potentialAction\":[{\"@type\":\"SearchAction\",\"target\":{\"@type\":\"EntryPoint\",\"urlTemplate\":\"https:\/\/www.santalucia.it\/es\/?s={search_term_string}\"},\"query-input\":{\"@type\":\"PropertyValueSpecification\",\"valueRequired\":true,\"valueName\":\"search_term_string\"}}],\"inLanguage\":\"es\"}]}<\/script>\n<!-- \/ Yoast SEO plugin. -->","yoast_head_json":{"title":"Bodas - Grand Hotel Santa Lucia","robots":{"index":"index","follow":"follow","max-snippet":"max-snippet:-1","max-image-preview":"max-image-preview:large","max-video-preview":"max-video-preview:-1"},"canonical":"https:\/\/www.santalucia.it\/es\/bodas\/","og_locale":"es_ES","og_type":"article","og_title":"Bodas - Grand Hotel Santa Lucia","og_description":"Descargue el folleto de eventos de grupo Bodas y banquetes en el coraz\u00f3n de N\u00e1poles El \u00abs\u00ed\u00bb en el Grand Hotel Santa Luc\u00eda La maravillosa ubicaci\u00f3n es hogar de un edificio hist\u00f3rico, el primer palacio Liberty de N\u00e1poles, construido por el arquitecto Comencini en el a\u00f1o 1906, que abre sus puertas manteniendo la intimidad de [&hellip;]","og_url":"https:\/\/www.santalucia.it\/es\/bodas\/","og_site_name":"Grand Hotel Santa Lucia","article_modified_time":"2020-03-24T16:09:37+00:00","twitter_card":"summary_large_image","twitter_misc":{"Tiempo de lectura":"1 minuto"},"schema":{"@context":"https:\/\/schema.org","@graph":[{"@type":"WebPage","@id":"https:\/\/www.santalucia.it\/es\/bodas\/","url":"https:\/\/www.santalucia.it\/es\/bodas\/","name":"Bodas - Grand Hotel Santa Lucia","isPartOf":{"@id":"https:\/\/www.santalucia.it\/es\/#website"},"datePublished":"2020-03-24T16:09:21+00:00","dateModified":"2020-03-24T16:09:37+00:00","breadcrumb":{"@id":"https:\/\/www.santalucia.it\/es\/bodas\/#breadcrumb"},"inLanguage":"es","potentialAction":[{"@type":"ReadAction","target":["https:\/\/www.santalucia.it\/es\/bodas\/"]}]},{"@type":"BreadcrumbList","@id":"https:\/\/www.santalucia.it\/es\/bodas\/#breadcrumb","itemListElement":[{"@type":"ListItem","position":1,"name":"Home","item":"https:\/\/www.santalucia.it\/es\/"},{"@type":"ListItem","position":2,"name":"Bodas"}]},{"@type":"WebSite","@id":"https:\/\/www.santalucia.it\/es\/#website","url":"https:\/\/www.santalucia.it\/es\/","name":"Grand Hotel Santa Lucia","description":"Ecco un altro sito ms.decms.eu","potentialAction":[{"@type":"SearchAction","target":{"@type":"EntryPoint","urlTemplate":"https:\/\/www.santalucia.it\/es\/?s={search_term_string}"},"query-input":{"@type":"PropertyValueSpecification","valueRequired":true,"valueName":"search_term_string"}}],"inLanguage":"es"}]}},"acf":[],"_links":{"self":[{"href":"https:\/\/www.santalucia.it\/es\/wp-json\/wp\/v2\/pages\/171","targetHints":{"allow":["GET"]}}],"collection":[{"href":"https:\/\/www.santalucia.it\/es\/wp-json\/wp\/v2\/pages"}],"about":[{"href":"https:\/\/www.santalucia.it\/es\/wp-json\/wp\/v2\/types\/page"}],"author":[{"embeddable":true,"href":"https:\/\/www.santalucia.it\/es\/wp-json\/wp\/v2\/users\/13"}],"replies":[{"embeddable":true,"href":"https:\/\/www.santalucia.it\/es\/wp-json\/wp\/v2\/comments?post=171"}],"version-history":[{"count":0,"href":"https:\/\/www.santalucia.it\/es\/wp-json\/wp\/v2\/pages\/171\/revisions"}],"wp:attachment":[{"href":"https:\/\/www.santalucia.it\/es\/wp-json\/wp\/v2\/media?parent=171"}],"curies":[{"name":"wp","href":"https:\/\/api.w.org\/{rel}","templated":true}]}}