{"id":117,"date":"2020-03-23T17:40:13","date_gmt":"2020-03-23T16:40:13","guid":{"rendered":"http:\/\/santalucia.ms.decms.eu\/?page_id=117"},"modified":"2020-03-23T17:40:13","modified_gmt":"2020-03-23T16:40:13","slug":"suite-senior-executive","status":"publish","type":"page","link":"https:\/\/www.santalucia.it\/fr\/chambre\/suite-senior-executive\/","title":{"rendered":"Suite Senior Executive"},"content":{"rendered":"<p>Senior Suite avec vue sur la mer, \u00e9l\u00e9gantes et raffin\u00e9es, caract\u00e9ris\u00e9es par deux espaces s\u00e9par\u00e9es<\/p>\n<p>Chambre confortable et petit salon.<\/p>\n<p>Convient pour les longs s\u00e9jours d\u2019affaires ou pour d\u2019agr\u00e9ables vacances en famille.<\/p>\n","protected":false},"excerpt":{"rendered":"<p>Senior Suite avec vue sur la mer, \u00e9l\u00e9gantes et raffin\u00e9es, caract\u00e9ris\u00e9es par deux espaces s\u00e9par\u00e9es Chambre confortable et petit salon. Convient pour les longs s\u00e9jours d\u2019affaires ou pour d\u2019agr\u00e9ables vacances en famille.<\/p>\n","protected":false},"author":13,"featured_media":0,"parent":87,"menu_order":4,"comment_status":"closed","ping_status":"closed","template":"template-single-room.php","meta":{"footnotes":""},"class_list":["post-117","page","type-page","status-publish","hentry"],"yoast_head":"<!-- This site is optimized with the Yoast SEO plugin v26.9 - https:\/\/yoast.com\/product\/yoast-seo-wordpress\/ -->\n<title>Suite Senior Executive - Grand Hotel Santa Lucia<\/title>\n<meta name=\"robots\" content=\"index, follow, max-snippet:-1, max-image-preview:large, max-video-preview:-1\" \/>\n<link rel=\"canonical\" href=\"https:\/\/www.santalucia.it\/fr\/chambre\/suite-senior-executive\/\" \/>\n<meta property=\"og:locale\" content=\"fr_FR\" \/>\n<meta property=\"og:type\" content=\"article\" \/>\n<meta property=\"og:title\" content=\"Suite Senior Executive - Grand Hotel Santa Lucia\" \/>\n<meta property=\"og:description\" content=\"Senior Suite avec vue sur la mer, \u00e9l\u00e9gantes et raffin\u00e9es, caract\u00e9ris\u00e9es par deux espaces s\u00e9par\u00e9es Chambre confortable et petit salon. Convient pour les longs s\u00e9jours d\u2019affaires ou pour d\u2019agr\u00e9ables vacances en famille.\" \/>\n<meta property=\"og:url\" content=\"https:\/\/www.santalucia.it\/fr\/chambre\/suite-senior-executive\/\" \/>\n<meta property=\"og:site_name\" content=\"Grand Hotel Santa Lucia\" \/>\n<meta name=\"twitter:card\" content=\"summary_large_image\" \/>\n<script type=\"application\/ld+json\" class=\"yoast-schema-graph\">{\"@context\":\"https:\/\/schema.org\",\"@graph\":[{\"@type\":\"WebPage\",\"@id\":\"https:\/\/www.santalucia.it\/fr\/chambre\/suite-senior-executive\/\",\"url\":\"https:\/\/www.santalucia.it\/fr\/chambre\/suite-senior-executive\/\",\"name\":\"Suite Senior Executive - Grand Hotel Santa Lucia\",\"isPartOf\":{\"@id\":\"https:\/\/www.santalucia.it\/fr\/#website\"},\"datePublished\":\"2020-03-23T16:40:13+00:00\",\"breadcrumb\":{\"@id\":\"https:\/\/www.santalucia.it\/fr\/chambre\/suite-senior-executive\/#breadcrumb\"},\"inLanguage\":\"fr-FR\",\"potentialAction\":[{\"@type\":\"ReadAction\",\"target\":[\"https:\/\/www.santalucia.it\/fr\/chambre\/suite-senior-executive\/\"]}]},{\"@type\":\"BreadcrumbList\",\"@id\":\"https:\/\/www.santalucia.it\/fr\/chambre\/suite-senior-executive\/#breadcrumb\",\"itemListElement\":[{\"@type\":\"ListItem\",\"position\":1,\"name\":\"Home\",\"item\":\"https:\/\/www.santalucia.it\/fr\/\"},{\"@type\":\"ListItem\",\"position\":2,\"name\":\"Chambre\",\"item\":\"https:\/\/www.santalucia.it\/fr\/chambre\/\"},{\"@type\":\"ListItem\",\"position\":3,\"name\":\"Suite Senior Executive\"}]},{\"@type\":\"WebSite\",\"@id\":\"https:\/\/www.santalucia.it\/fr\/#website\",\"url\":\"https:\/\/www.santalucia.it\/fr\/\",\"name\":\"Grand Hotel Santa Lucia\",\"description\":\"Ecco un altro sito ms.decms.eu\",\"potentialAction\":[{\"@type\":\"SearchAction\",\"target\":{\"@type\":\"EntryPoint\",\"urlTemplate\":\"https:\/\/www.santalucia.it\/fr\/?s={search_term_string}\"},\"query-input\":{\"@type\":\"PropertyValueSpecification\",\"valueRequired\":true,\"valueName\":\"search_term_string\"}}],\"inLanguage\":\"fr-FR\"}]}<\/script>\n<!-- \/ Yoast SEO plugin. -->","yoast_head_json":{"title":"Suite Senior Executive - Grand Hotel Santa Lucia","robots":{"index":"index","follow":"follow","max-snippet":"max-snippet:-1","max-image-preview":"max-image-preview:large","max-video-preview":"max-video-preview:-1"},"canonical":"https:\/\/www.santalucia.it\/fr\/chambre\/suite-senior-executive\/","og_locale":"fr_FR","og_type":"article","og_title":"Suite Senior Executive - Grand Hotel Santa Lucia","og_description":"Senior Suite avec vue sur la mer, \u00e9l\u00e9gantes et raffin\u00e9es, caract\u00e9ris\u00e9es par deux espaces s\u00e9par\u00e9es Chambre confortable et petit salon. Convient pour les longs s\u00e9jours d\u2019affaires ou pour d\u2019agr\u00e9ables vacances en famille.","og_url":"https:\/\/www.santalucia.it\/fr\/chambre\/suite-senior-executive\/","og_site_name":"Grand Hotel Santa Lucia","twitter_card":"summary_large_image","schema":{"@context":"https:\/\/schema.org","@graph":[{"@type":"WebPage","@id":"https:\/\/www.santalucia.it\/fr\/chambre\/suite-senior-executive\/","url":"https:\/\/www.santalucia.it\/fr\/chambre\/suite-senior-executive\/","name":"Suite Senior Executive - Grand Hotel Santa Lucia","isPartOf":{"@id":"https:\/\/www.santalucia.it\/fr\/#website"},"datePublished":"2020-03-23T16:40:13+00:00","breadcrumb":{"@id":"https:\/\/www.santalucia.it\/fr\/chambre\/suite-senior-executive\/#breadcrumb"},"inLanguage":"fr-FR","potentialAction":[{"@type":"ReadAction","target":["https:\/\/www.santalucia.it\/fr\/chambre\/suite-senior-executive\/"]}]},{"@type":"BreadcrumbList","@id":"https:\/\/www.santalucia.it\/fr\/chambre\/suite-senior-executive\/#breadcrumb","itemListElement":[{"@type":"ListItem","position":1,"name":"Home","item":"https:\/\/www.santalucia.it\/fr\/"},{"@type":"ListItem","position":2,"name":"Chambre","item":"https:\/\/www.santalucia.it\/fr\/chambre\/"},{"@type":"ListItem","position":3,"name":"Suite Senior Executive"}]},{"@type":"WebSite","@id":"https:\/\/www.santalucia.it\/fr\/#website","url":"https:\/\/www.santalucia.it\/fr\/","name":"Grand Hotel Santa Lucia","description":"Ecco un altro sito ms.decms.eu","potentialAction":[{"@type":"SearchAction","target":{"@type":"EntryPoint","urlTemplate":"https:\/\/www.santalucia.it\/fr\/?s={search_term_string}"},"query-input":{"@type":"PropertyValueSpecification","valueRequired":true,"valueName":"search_term_string"}}],"inLanguage":"fr-FR"}]}},"acf":[],"_links":{"self":[{"href":"https:\/\/www.santalucia.it\/fr\/wp-json\/wp\/v2\/pages\/117","targetHints":{"allow":["GET"]}}],"collection":[{"href":"https:\/\/www.santalucia.it\/fr\/wp-json\/wp\/v2\/pages"}],"about":[{"href":"https:\/\/www.santalucia.it\/fr\/wp-json\/wp\/v2\/types\/page"}],"author":[{"embeddable":true,"href":"https:\/\/www.santalucia.it\/fr\/wp-json\/wp\/v2\/users\/13"}],"replies":[{"embeddable":true,"href":"https:\/\/www.santalucia.it\/fr\/wp-json\/wp\/v2\/comments?post=117"}],"version-history":[{"count":0,"href":"https:\/\/www.santalucia.it\/fr\/wp-json\/wp\/v2\/pages\/117\/revisions"}],"up":[{"embeddable":true,"href":"https:\/\/www.santalucia.it\/fr\/wp-json\/wp\/v2\/pages\/87"}],"wp:attachment":[{"href":"https:\/\/www.santalucia.it\/fr\/wp-json\/wp\/v2\/media?parent=117"}],"curies":[{"name":"wp","href":"https:\/\/api.w.org\/{rel}","templated":true}]}}