{"id":126,"date":"2020-03-23T17:53:26","date_gmt":"2020-03-23T16:53:26","guid":{"rendered":"http:\/\/santalucia.ms.decms.eu\/?page_id=126"},"modified":"2023-07-13T11:41:54","modified_gmt":"2023-07-13T09:41:54","slug":"restaurant-megaris","status":"publish","type":"page","link":"https:\/\/www.santalucia.it\/fr\/restaurant-megaris\/","title":{"rendered":"Restaurant Megaris"},"content":{"rendered":"<h3 id=\"tw-target-text\" class=\"tw-data-text tw-text-large tw-ta\" dir=\"ltr\" data-placeholder=\"Traduzione\"><span class=\"Y2IQFc\" lang=\"fr\">PREMIER ARR\u00caT DE LA JOURN\u00c9E AU SANTALUCIA GRAND HOTEL<\/span><\/h3>\n<h3 class=\"tw-data-text tw-text-large tw-ta\" dir=\"ltr\" data-placeholder=\"Traduzione\"><span class=\"Y2IQFc\" lang=\"fr\">D\u00e9di\u00e9 au petit-d\u00e9jeuner le matin avec un buffet de g\u00e2teaux pr\u00e9par\u00e9s par notre chef p\u00e2tissier, le Restaurant Megaris, avec ses grandes baies vitr\u00e9es donnant sur le Castel dell&rsquo;Ovo et le front de mer, est \u00e9galement parfaitement adapt\u00e9 aux \u00e9v\u00e9nements, c\u00e9r\u00e9monies et f\u00eates. Pour satisfaire les go\u00fbts et les besoins de ceux qui pr\u00e9f\u00e8rent les aliments sal\u00e9s, il est possible de commander un petit-d\u00e9jeuner \u00e0 la carte. <\/span><\/h3>\n<h3 class=\"tw-data-text tw-text-large tw-ta\" dir=\"ltr\" data-placeholder=\"Traduzione\"><span class=\"Y2IQFc\" lang=\"fr\">Petit-d\u00e9jeuner \u00e0 la carte <\/span><\/h3>\n<h3 class=\"tw-data-text tw-text-large tw-ta\" dir=\"ltr\" data-placeholder=\"Traduzione\"><span class=\"Y2IQFc\" lang=\"fr\">Pour les r\u00e9servations +39.081.7640666 \u2013 reception@santalucia.it<\/span><\/h3>\n","protected":false},"excerpt":{"rendered":"<p>PREMIER ARR\u00caT DE LA JOURN\u00c9E AU SANTALUCIA GRAND HOTEL D\u00e9di\u00e9 au petit-d\u00e9jeuner le matin avec un buffet de g\u00e2teaux pr\u00e9par\u00e9s par notre chef p\u00e2tissier, le Restaurant Megaris, avec ses grandes baies vitr\u00e9es donnant sur le Castel dell&rsquo;Ovo et le front de mer, est \u00e9galement parfaitement adapt\u00e9 aux \u00e9v\u00e9nements, c\u00e9r\u00e9monies et f\u00eates. Pour satisfaire les go\u00fbts [&hellip;]<\/p>\n","protected":false},"author":13,"featured_media":0,"parent":0,"menu_order":5,"comment_status":"closed","ping_status":"closed","template":"template-wellness.php","meta":{"footnotes":""},"class_list":["post-126","page","type-page","status-publish","hentry"],"yoast_head":"<!-- This site is optimized with the Yoast SEO plugin v26.9 - https:\/\/yoast.com\/product\/yoast-seo-wordpress\/ -->\n<title>Restaurant Megaris - Grand Hotel Santa Lucia<\/title>\n<meta name=\"robots\" content=\"index, follow, max-snippet:-1, max-image-preview:large, max-video-preview:-1\" \/>\n<link rel=\"canonical\" href=\"https:\/\/www.santalucia.it\/fr\/restaurant-megaris\/\" \/>\n<meta property=\"og:locale\" content=\"fr_FR\" \/>\n<meta property=\"og:type\" content=\"article\" \/>\n<meta property=\"og:title\" content=\"Restaurant Megaris - Grand Hotel Santa Lucia\" \/>\n<meta property=\"og:description\" content=\"PREMIER ARR\u00caT DE LA JOURN\u00c9E AU SANTALUCIA GRAND HOTEL D\u00e9di\u00e9 au petit-d\u00e9jeuner le matin avec un buffet de g\u00e2teaux pr\u00e9par\u00e9s par notre chef p\u00e2tissier, le Restaurant Megaris, avec ses grandes baies vitr\u00e9es donnant sur le Castel dell&rsquo;Ovo et le front de mer, est \u00e9galement parfaitement adapt\u00e9 aux \u00e9v\u00e9nements, c\u00e9r\u00e9monies et f\u00eates. Pour satisfaire les go\u00fbts [&hellip;]\" \/>\n<meta property=\"og:url\" content=\"https:\/\/www.santalucia.it\/fr\/restaurant-megaris\/\" \/>\n<meta property=\"og:site_name\" content=\"Grand Hotel Santa Lucia\" \/>\n<meta property=\"article:modified_time\" content=\"2023-07-13T09:41:54+00:00\" \/>\n<meta name=\"twitter:card\" content=\"summary_large_image\" \/>\n<meta name=\"twitter:label1\" content=\"Dur\u00e9e de lecture estim\u00e9e\" \/>\n\t<meta name=\"twitter:data1\" content=\"1 minute\" \/>\n<script type=\"application\/ld+json\" class=\"yoast-schema-graph\">{\"@context\":\"https:\/\/schema.org\",\"@graph\":[{\"@type\":\"WebPage\",\"@id\":\"https:\/\/www.santalucia.it\/fr\/restaurant-megaris\/\",\"url\":\"https:\/\/www.santalucia.it\/fr\/restaurant-megaris\/\",\"name\":\"Restaurant Megaris - Grand Hotel Santa Lucia\",\"isPartOf\":{\"@id\":\"https:\/\/www.santalucia.it\/fr\/#website\"},\"datePublished\":\"2020-03-23T16:53:26+00:00\",\"dateModified\":\"2023-07-13T09:41:54+00:00\",\"breadcrumb\":{\"@id\":\"https:\/\/www.santalucia.it\/fr\/restaurant-megaris\/#breadcrumb\"},\"inLanguage\":\"fr-FR\",\"potentialAction\":[{\"@type\":\"ReadAction\",\"target\":[\"https:\/\/www.santalucia.it\/fr\/restaurant-megaris\/\"]}]},{\"@type\":\"BreadcrumbList\",\"@id\":\"https:\/\/www.santalucia.it\/fr\/restaurant-megaris\/#breadcrumb\",\"itemListElement\":[{\"@type\":\"ListItem\",\"position\":1,\"name\":\"Home\",\"item\":\"https:\/\/www.santalucia.it\/fr\/\"},{\"@type\":\"ListItem\",\"position\":2,\"name\":\"Restaurant Megaris\"}]},{\"@type\":\"WebSite\",\"@id\":\"https:\/\/www.santalucia.it\/fr\/#website\",\"url\":\"https:\/\/www.santalucia.it\/fr\/\",\"name\":\"Grand Hotel Santa Lucia\",\"description\":\"Ecco un altro sito ms.decms.eu\",\"potentialAction\":[{\"@type\":\"SearchAction\",\"target\":{\"@type\":\"EntryPoint\",\"urlTemplate\":\"https:\/\/www.santalucia.it\/fr\/?s={search_term_string}\"},\"query-input\":{\"@type\":\"PropertyValueSpecification\",\"valueRequired\":true,\"valueName\":\"search_term_string\"}}],\"inLanguage\":\"fr-FR\"}]}<\/script>\n<!-- \/ Yoast SEO plugin. -->","yoast_head_json":{"title":"Restaurant Megaris - Grand Hotel Santa Lucia","robots":{"index":"index","follow":"follow","max-snippet":"max-snippet:-1","max-image-preview":"max-image-preview:large","max-video-preview":"max-video-preview:-1"},"canonical":"https:\/\/www.santalucia.it\/fr\/restaurant-megaris\/","og_locale":"fr_FR","og_type":"article","og_title":"Restaurant Megaris - Grand Hotel Santa Lucia","og_description":"PREMIER ARR\u00caT DE LA JOURN\u00c9E AU SANTALUCIA GRAND HOTEL D\u00e9di\u00e9 au petit-d\u00e9jeuner le matin avec un buffet de g\u00e2teaux pr\u00e9par\u00e9s par notre chef p\u00e2tissier, le Restaurant Megaris, avec ses grandes baies vitr\u00e9es donnant sur le Castel dell&rsquo;Ovo et le front de mer, est \u00e9galement parfaitement adapt\u00e9 aux \u00e9v\u00e9nements, c\u00e9r\u00e9monies et f\u00eates. Pour satisfaire les go\u00fbts [&hellip;]","og_url":"https:\/\/www.santalucia.it\/fr\/restaurant-megaris\/","og_site_name":"Grand Hotel Santa Lucia","article_modified_time":"2023-07-13T09:41:54+00:00","twitter_card":"summary_large_image","twitter_misc":{"Dur\u00e9e de lecture estim\u00e9e":"1 minute"},"schema":{"@context":"https:\/\/schema.org","@graph":[{"@type":"WebPage","@id":"https:\/\/www.santalucia.it\/fr\/restaurant-megaris\/","url":"https:\/\/www.santalucia.it\/fr\/restaurant-megaris\/","name":"Restaurant Megaris - Grand Hotel Santa Lucia","isPartOf":{"@id":"https:\/\/www.santalucia.it\/fr\/#website"},"datePublished":"2020-03-23T16:53:26+00:00","dateModified":"2023-07-13T09:41:54+00:00","breadcrumb":{"@id":"https:\/\/www.santalucia.it\/fr\/restaurant-megaris\/#breadcrumb"},"inLanguage":"fr-FR","potentialAction":[{"@type":"ReadAction","target":["https:\/\/www.santalucia.it\/fr\/restaurant-megaris\/"]}]},{"@type":"BreadcrumbList","@id":"https:\/\/www.santalucia.it\/fr\/restaurant-megaris\/#breadcrumb","itemListElement":[{"@type":"ListItem","position":1,"name":"Home","item":"https:\/\/www.santalucia.it\/fr\/"},{"@type":"ListItem","position":2,"name":"Restaurant Megaris"}]},{"@type":"WebSite","@id":"https:\/\/www.santalucia.it\/fr\/#website","url":"https:\/\/www.santalucia.it\/fr\/","name":"Grand Hotel Santa Lucia","description":"Ecco un altro sito ms.decms.eu","potentialAction":[{"@type":"SearchAction","target":{"@type":"EntryPoint","urlTemplate":"https:\/\/www.santalucia.it\/fr\/?s={search_term_string}"},"query-input":{"@type":"PropertyValueSpecification","valueRequired":true,"valueName":"search_term_string"}}],"inLanguage":"fr-FR"}]}},"acf":[],"_links":{"self":[{"href":"https:\/\/www.santalucia.it\/fr\/wp-json\/wp\/v2\/pages\/126","targetHints":{"allow":["GET"]}}],"collection":[{"href":"https:\/\/www.santalucia.it\/fr\/wp-json\/wp\/v2\/pages"}],"about":[{"href":"https:\/\/www.santalucia.it\/fr\/wp-json\/wp\/v2\/types\/page"}],"author":[{"embeddable":true,"href":"https:\/\/www.santalucia.it\/fr\/wp-json\/wp\/v2\/users\/13"}],"replies":[{"embeddable":true,"href":"https:\/\/www.santalucia.it\/fr\/wp-json\/wp\/v2\/comments?post=126"}],"version-history":[{"count":0,"href":"https:\/\/www.santalucia.it\/fr\/wp-json\/wp\/v2\/pages\/126\/revisions"}],"wp:attachment":[{"href":"https:\/\/www.santalucia.it\/fr\/wp-json\/wp\/v2\/media?parent=126"}],"curies":[{"name":"wp","href":"https:\/\/api.w.org\/{rel}","templated":true}]}}