{"id":132,"date":"2020-03-24T15:25:13","date_gmt":"2020-03-24T14:25:13","guid":{"rendered":"http:\/\/santalucia.ms.decms.eu\/?page_id=132"},"modified":"2023-07-13T11:39:23","modified_gmt":"2023-07-13T09:39:23","slug":"il-pavone-bar-restaurant","status":"publish","type":"page","link":"https:\/\/www.santalucia.it\/fr\/il-pavone-bar-restaurant\/","title":{"rendered":"Il Pavone bar restaurant"},"content":{"rendered":"<h4 id=\"tw-target-text\" class=\"tw-data-text tw-text-large tw-ta\" dir=\"ltr\" data-placeholder=\"Traduzione\"><span class=\"Y2IQFc\" lang=\"fr\">UNE ESCALE AGR\u00c9ABLE AU COEUR DE NAPLES<\/span><\/h4>\n<h4 class=\"tw-data-text tw-text-large tw-ta\" dir=\"ltr\" data-placeholder=\"Traduzione\"><span class=\"Y2IQFc\" lang=\"fr\">Ne manquez pas le \u00ab\u00a0Il Pavone Bar &#8211; Restaurant\u00a0\u00bb, \u00e0 l&rsquo;ambiance chic et cosmopolite, id\u00e9al pour les ap\u00e9ritifs, d\u00e9jeuners et d\u00eeners romantiques avec ses grandes baies vitr\u00e9es qui encadrent le Castel dell&rsquo;Ovo en toile de fond. Les plats du chef sont parfaitement adapt\u00e9s \u00e0 l&#8217;emplacement exclusif, surplombant le Castel dell&rsquo;Ovo, des r\u00e9interpr\u00e9tations raffin\u00e9es des classiques de la cuisine napolitaine dans lesquelles le produit local est exalt\u00e9 avec originalit\u00e9 dans des recettes d\u00e9licieuses et in\u00e9dites. <\/span><\/h4>\n<h4 class=\"tw-data-text tw-text-large tw-ta\" dir=\"ltr\" data-placeholder=\"Traduzione\"><span class=\"Y2IQFc\" lang=\"fr\">\u00ab\u00a0il Pavone\u00a0\u00bb dont le nom vient de l&rsquo;\u0153uvre d&rsquo;art qui domine la pi\u00e8ce de l&rsquo;architecte Giovan Battista Comencini datant de 1906, ann\u00e9e o\u00f9 s&rsquo;est achev\u00e9e la construction du Grand Hotel Santa Lucia, le premier h\u00f4tel Liberty de Naples . Le paon repr\u00e9sent\u00e9 sur le mur de verre repr\u00e9sente une \u0153uvre unique en son genre, ce sont des bas-reliefs en pl\u00e2tre d&rsquo;alb\u00e2tre sur des panneaux de miroir antiques. Comencini a \u00e9t\u00e9 le premier \u00e0 introduire le style\u00a0floral ou\u00a0Liberty\u00a0dans la ville, qui \u00e9tait le plus r\u00e9pandu au cours de la derni\u00e8re p\u00e9riode de la soi-disant\u00a0Belle\u00a0\u00c9poque.<\/span><\/h4>\n<h4 class=\"tw-data-text tw-text-large tw-ta\" dir=\"ltr\" data-placeholder=\"Traduzione\"><span class=\"Y2IQFc\" lang=\"fr\">Ouvert tous les jours de 11h \u00e0 15h et de 19h \u00e0 23h30. La r\u00e9servation est la bienvenue<\/span><\/h4>\n","protected":false},"excerpt":{"rendered":"<p>UNE ESCALE AGR\u00c9ABLE AU COEUR DE NAPLES Ne manquez pas le \u00ab\u00a0Il Pavone Bar &#8211; Restaurant\u00a0\u00bb, \u00e0 l&rsquo;ambiance chic et cosmopolite, id\u00e9al pour les ap\u00e9ritifs, d\u00e9jeuners et d\u00eeners romantiques avec ses grandes baies vitr\u00e9es qui encadrent le Castel dell&rsquo;Ovo en toile de fond. Les plats du chef sont parfaitement adapt\u00e9s \u00e0 l&#8217;emplacement exclusif, surplombant le [&hellip;]<\/p>\n","protected":false},"author":13,"featured_media":0,"parent":0,"menu_order":4,"comment_status":"closed","ping_status":"closed","template":"template-wellness.php","meta":{"footnotes":""},"class_list":["post-132","page","type-page","status-publish","hentry"],"yoast_head":"<!-- This site is optimized with the Yoast SEO plugin v26.9 - https:\/\/yoast.com\/product\/yoast-seo-wordpress\/ -->\n<title>Il Pavone bar restaurant - Grand Hotel Santa Lucia<\/title>\n<meta name=\"robots\" content=\"index, follow, max-snippet:-1, max-image-preview:large, max-video-preview:-1\" \/>\n<link rel=\"canonical\" href=\"https:\/\/www.santalucia.it\/fr\/il-pavone-bar-restaurant\/\" \/>\n<meta property=\"og:locale\" content=\"fr_FR\" \/>\n<meta property=\"og:type\" content=\"article\" \/>\n<meta property=\"og:title\" content=\"Il Pavone bar restaurant - Grand Hotel Santa Lucia\" \/>\n<meta property=\"og:description\" content=\"UNE ESCALE AGR\u00c9ABLE AU COEUR DE NAPLES Ne manquez pas le \u00ab\u00a0Il Pavone Bar &#8211; Restaurant\u00a0\u00bb, \u00e0 l&rsquo;ambiance chic et cosmopolite, id\u00e9al pour les ap\u00e9ritifs, d\u00e9jeuners et d\u00eeners romantiques avec ses grandes baies vitr\u00e9es qui encadrent le Castel dell&rsquo;Ovo en toile de fond. Les plats du chef sont parfaitement adapt\u00e9s \u00e0 l&#8217;emplacement exclusif, surplombant le [&hellip;]\" \/>\n<meta property=\"og:url\" content=\"https:\/\/www.santalucia.it\/fr\/il-pavone-bar-restaurant\/\" \/>\n<meta property=\"og:site_name\" content=\"Grand Hotel Santa Lucia\" \/>\n<meta property=\"article:modified_time\" content=\"2023-07-13T09:39:23+00:00\" \/>\n<meta name=\"twitter:card\" content=\"summary_large_image\" \/>\n<meta name=\"twitter:label1\" content=\"Dur\u00e9e de lecture estim\u00e9e\" \/>\n\t<meta name=\"twitter:data1\" content=\"1 minute\" \/>\n<script type=\"application\/ld+json\" class=\"yoast-schema-graph\">{\"@context\":\"https:\/\/schema.org\",\"@graph\":[{\"@type\":\"WebPage\",\"@id\":\"https:\/\/www.santalucia.it\/fr\/il-pavone-bar-restaurant\/\",\"url\":\"https:\/\/www.santalucia.it\/fr\/il-pavone-bar-restaurant\/\",\"name\":\"Il Pavone bar restaurant - Grand Hotel Santa Lucia\",\"isPartOf\":{\"@id\":\"https:\/\/www.santalucia.it\/fr\/#website\"},\"datePublished\":\"2020-03-24T14:25:13+00:00\",\"dateModified\":\"2023-07-13T09:39:23+00:00\",\"breadcrumb\":{\"@id\":\"https:\/\/www.santalucia.it\/fr\/il-pavone-bar-restaurant\/#breadcrumb\"},\"inLanguage\":\"fr-FR\",\"potentialAction\":[{\"@type\":\"ReadAction\",\"target\":[\"https:\/\/www.santalucia.it\/fr\/il-pavone-bar-restaurant\/\"]}]},{\"@type\":\"BreadcrumbList\",\"@id\":\"https:\/\/www.santalucia.it\/fr\/il-pavone-bar-restaurant\/#breadcrumb\",\"itemListElement\":[{\"@type\":\"ListItem\",\"position\":1,\"name\":\"Home\",\"item\":\"https:\/\/www.santalucia.it\/fr\/\"},{\"@type\":\"ListItem\",\"position\":2,\"name\":\"Il Pavone bar restaurant\"}]},{\"@type\":\"WebSite\",\"@id\":\"https:\/\/www.santalucia.it\/fr\/#website\",\"url\":\"https:\/\/www.santalucia.it\/fr\/\",\"name\":\"Grand Hotel Santa Lucia\",\"description\":\"Ecco un altro sito ms.decms.eu\",\"potentialAction\":[{\"@type\":\"SearchAction\",\"target\":{\"@type\":\"EntryPoint\",\"urlTemplate\":\"https:\/\/www.santalucia.it\/fr\/?s={search_term_string}\"},\"query-input\":{\"@type\":\"PropertyValueSpecification\",\"valueRequired\":true,\"valueName\":\"search_term_string\"}}],\"inLanguage\":\"fr-FR\"}]}<\/script>\n<!-- \/ Yoast SEO plugin. -->","yoast_head_json":{"title":"Il Pavone bar restaurant - Grand Hotel Santa Lucia","robots":{"index":"index","follow":"follow","max-snippet":"max-snippet:-1","max-image-preview":"max-image-preview:large","max-video-preview":"max-video-preview:-1"},"canonical":"https:\/\/www.santalucia.it\/fr\/il-pavone-bar-restaurant\/","og_locale":"fr_FR","og_type":"article","og_title":"Il Pavone bar restaurant - Grand Hotel Santa Lucia","og_description":"UNE ESCALE AGR\u00c9ABLE AU COEUR DE NAPLES Ne manquez pas le \u00ab\u00a0Il Pavone Bar &#8211; Restaurant\u00a0\u00bb, \u00e0 l&rsquo;ambiance chic et cosmopolite, id\u00e9al pour les ap\u00e9ritifs, d\u00e9jeuners et d\u00eeners romantiques avec ses grandes baies vitr\u00e9es qui encadrent le Castel dell&rsquo;Ovo en toile de fond. Les plats du chef sont parfaitement adapt\u00e9s \u00e0 l&#8217;emplacement exclusif, surplombant le [&hellip;]","og_url":"https:\/\/www.santalucia.it\/fr\/il-pavone-bar-restaurant\/","og_site_name":"Grand Hotel Santa Lucia","article_modified_time":"2023-07-13T09:39:23+00:00","twitter_card":"summary_large_image","twitter_misc":{"Dur\u00e9e de lecture estim\u00e9e":"1 minute"},"schema":{"@context":"https:\/\/schema.org","@graph":[{"@type":"WebPage","@id":"https:\/\/www.santalucia.it\/fr\/il-pavone-bar-restaurant\/","url":"https:\/\/www.santalucia.it\/fr\/il-pavone-bar-restaurant\/","name":"Il Pavone bar restaurant - Grand Hotel Santa Lucia","isPartOf":{"@id":"https:\/\/www.santalucia.it\/fr\/#website"},"datePublished":"2020-03-24T14:25:13+00:00","dateModified":"2023-07-13T09:39:23+00:00","breadcrumb":{"@id":"https:\/\/www.santalucia.it\/fr\/il-pavone-bar-restaurant\/#breadcrumb"},"inLanguage":"fr-FR","potentialAction":[{"@type":"ReadAction","target":["https:\/\/www.santalucia.it\/fr\/il-pavone-bar-restaurant\/"]}]},{"@type":"BreadcrumbList","@id":"https:\/\/www.santalucia.it\/fr\/il-pavone-bar-restaurant\/#breadcrumb","itemListElement":[{"@type":"ListItem","position":1,"name":"Home","item":"https:\/\/www.santalucia.it\/fr\/"},{"@type":"ListItem","position":2,"name":"Il Pavone bar restaurant"}]},{"@type":"WebSite","@id":"https:\/\/www.santalucia.it\/fr\/#website","url":"https:\/\/www.santalucia.it\/fr\/","name":"Grand Hotel Santa Lucia","description":"Ecco un altro sito ms.decms.eu","potentialAction":[{"@type":"SearchAction","target":{"@type":"EntryPoint","urlTemplate":"https:\/\/www.santalucia.it\/fr\/?s={search_term_string}"},"query-input":{"@type":"PropertyValueSpecification","valueRequired":true,"valueName":"search_term_string"}}],"inLanguage":"fr-FR"}]}},"acf":[],"_links":{"self":[{"href":"https:\/\/www.santalucia.it\/fr\/wp-json\/wp\/v2\/pages\/132","targetHints":{"allow":["GET"]}}],"collection":[{"href":"https:\/\/www.santalucia.it\/fr\/wp-json\/wp\/v2\/pages"}],"about":[{"href":"https:\/\/www.santalucia.it\/fr\/wp-json\/wp\/v2\/types\/page"}],"author":[{"embeddable":true,"href":"https:\/\/www.santalucia.it\/fr\/wp-json\/wp\/v2\/users\/13"}],"replies":[{"embeddable":true,"href":"https:\/\/www.santalucia.it\/fr\/wp-json\/wp\/v2\/comments?post=132"}],"version-history":[{"count":0,"href":"https:\/\/www.santalucia.it\/fr\/wp-json\/wp\/v2\/pages\/132\/revisions"}],"wp:attachment":[{"href":"https:\/\/www.santalucia.it\/fr\/wp-json\/wp\/v2\/media?parent=132"}],"curies":[{"name":"wp","href":"https:\/\/api.w.org\/{rel}","templated":true}]}}