{"id":165,"date":"2020-03-24T16:58:46","date_gmt":"2020-03-24T15:58:46","guid":{"rendered":"http:\/\/santalucia.ms.decms.eu\/?page_id=165"},"modified":"2020-03-26T12:28:32","modified_gmt":"2020-03-26T11:28:32","slug":"reunions","status":"publish","type":"page","link":"https:\/\/www.santalucia.it\/fr\/reunions\/","title":{"rendered":"R\u00e9unions"},"content":{"rendered":"<p>Centre de conf\u00e9rences et congr\u00e8s sur le front de mer de Naples.<\/p>\n<p>Le Grand H\u00f4tel Santa Lucia, h\u00f4tel de luxe 4 \u00e9toiles au c\u0153ur de Naples, poss\u00e8de 6 salles \u00e9l\u00e9gantes, id\u00e9ales pour tout type de rencontre, congr\u00e8s ou autre manifestation, jusqu\u2019\u00e0 un maximum de 180 personnes. Un \u00e9tage de l\u2019h\u00f4tel est enti\u00e8rement d\u00e9di\u00e9 aux manifestations et soigneusement s\u00e9par\u00e9 des autres espaces de r\u00e9ception de l\u2019h\u00f4tel, ce qui permet de garantir une extr\u00eame attention et confidentialit\u00e9 \u00e0 tous les invit\u00e9s.<\/p>\n<p>L\u2019\u00e9quipement technique moderne que le Grand H\u00f4tel Santa Lucia propose, l\u2019efficacit\u00e9 du service et la qualit\u00e9 de la nourriture sont les \u00e9l\u00e9ments indispensables pour une r\u00e9union r\u00e9ussie et \u00e9blouissante.<\/p>\n<p>&nbsp;<\/p>\n<p><a href=\"\/wp-content\/uploads\/sites\/157\/2020\/03\/planimetria-sale-santa-lucia.pdf\" target=\"_blank\" rel=\"noopener noreferrer\">Voir la fiche technique<\/a><\/p>\n","protected":false},"excerpt":{"rendered":"<p>Centre de conf\u00e9rences et congr\u00e8s sur le front de mer de Naples. Le Grand H\u00f4tel Santa Lucia, h\u00f4tel de luxe 4 \u00e9toiles au c\u0153ur de Naples, poss\u00e8de 6 salles \u00e9l\u00e9gantes, id\u00e9ales pour tout type de rencontre, congr\u00e8s ou autre manifestation, jusqu\u2019\u00e0 un maximum de 180 personnes. Un \u00e9tage de l\u2019h\u00f4tel est enti\u00e8rement d\u00e9di\u00e9 aux manifestations [&hellip;]<\/p>\n","protected":false},"author":13,"featured_media":0,"parent":0,"menu_order":6,"comment_status":"closed","ping_status":"closed","template":"","meta":{"footnotes":""},"class_list":["post-165","page","type-page","status-publish","hentry"],"yoast_head":"<!-- This site is optimized with the Yoast SEO plugin v26.9 - https:\/\/yoast.com\/product\/yoast-seo-wordpress\/ -->\n<title>R\u00e9unions - Grand Hotel Santa Lucia<\/title>\n<meta name=\"robots\" content=\"index, follow, max-snippet:-1, max-image-preview:large, max-video-preview:-1\" \/>\n<link rel=\"canonical\" href=\"https:\/\/www.santalucia.it\/fr\/reunions\/\" \/>\n<meta property=\"og:locale\" content=\"fr_FR\" \/>\n<meta property=\"og:type\" content=\"article\" \/>\n<meta property=\"og:title\" content=\"R\u00e9unions - Grand Hotel Santa Lucia\" \/>\n<meta property=\"og:description\" content=\"Centre de conf\u00e9rences et congr\u00e8s sur le front de mer de Naples. Le Grand H\u00f4tel Santa Lucia, h\u00f4tel de luxe 4 \u00e9toiles au c\u0153ur de Naples, poss\u00e8de 6 salles \u00e9l\u00e9gantes, id\u00e9ales pour tout type de rencontre, congr\u00e8s ou autre manifestation, jusqu\u2019\u00e0 un maximum de 180 personnes. Un \u00e9tage de l\u2019h\u00f4tel est enti\u00e8rement d\u00e9di\u00e9 aux manifestations [&hellip;]\" \/>\n<meta property=\"og:url\" content=\"https:\/\/www.santalucia.it\/fr\/reunions\/\" \/>\n<meta property=\"og:site_name\" content=\"Grand Hotel Santa Lucia\" \/>\n<meta property=\"article:modified_time\" content=\"2020-03-26T11:28:32+00:00\" \/>\n<meta name=\"twitter:card\" content=\"summary_large_image\" \/>\n<meta name=\"twitter:label1\" content=\"Dur\u00e9e de lecture estim\u00e9e\" \/>\n\t<meta name=\"twitter:data1\" content=\"1 minute\" \/>\n<script type=\"application\/ld+json\" class=\"yoast-schema-graph\">{\"@context\":\"https:\/\/schema.org\",\"@graph\":[{\"@type\":\"WebPage\",\"@id\":\"https:\/\/www.santalucia.it\/fr\/reunions\/\",\"url\":\"https:\/\/www.santalucia.it\/fr\/reunions\/\",\"name\":\"R\u00e9unions - Grand Hotel Santa Lucia\",\"isPartOf\":{\"@id\":\"https:\/\/www.santalucia.it\/fr\/#website\"},\"datePublished\":\"2020-03-24T15:58:46+00:00\",\"dateModified\":\"2020-03-26T11:28:32+00:00\",\"breadcrumb\":{\"@id\":\"https:\/\/www.santalucia.it\/fr\/reunions\/#breadcrumb\"},\"inLanguage\":\"fr-FR\",\"potentialAction\":[{\"@type\":\"ReadAction\",\"target\":[\"https:\/\/www.santalucia.it\/fr\/reunions\/\"]}]},{\"@type\":\"BreadcrumbList\",\"@id\":\"https:\/\/www.santalucia.it\/fr\/reunions\/#breadcrumb\",\"itemListElement\":[{\"@type\":\"ListItem\",\"position\":1,\"name\":\"Home\",\"item\":\"https:\/\/www.santalucia.it\/fr\/\"},{\"@type\":\"ListItem\",\"position\":2,\"name\":\"R\u00e9unions\"}]},{\"@type\":\"WebSite\",\"@id\":\"https:\/\/www.santalucia.it\/fr\/#website\",\"url\":\"https:\/\/www.santalucia.it\/fr\/\",\"name\":\"Grand Hotel Santa Lucia\",\"description\":\"Ecco un altro sito ms.decms.eu\",\"potentialAction\":[{\"@type\":\"SearchAction\",\"target\":{\"@type\":\"EntryPoint\",\"urlTemplate\":\"https:\/\/www.santalucia.it\/fr\/?s={search_term_string}\"},\"query-input\":{\"@type\":\"PropertyValueSpecification\",\"valueRequired\":true,\"valueName\":\"search_term_string\"}}],\"inLanguage\":\"fr-FR\"}]}<\/script>\n<!-- \/ Yoast SEO plugin. -->","yoast_head_json":{"title":"R\u00e9unions - Grand Hotel Santa Lucia","robots":{"index":"index","follow":"follow","max-snippet":"max-snippet:-1","max-image-preview":"max-image-preview:large","max-video-preview":"max-video-preview:-1"},"canonical":"https:\/\/www.santalucia.it\/fr\/reunions\/","og_locale":"fr_FR","og_type":"article","og_title":"R\u00e9unions - Grand Hotel Santa Lucia","og_description":"Centre de conf\u00e9rences et congr\u00e8s sur le front de mer de Naples. Le Grand H\u00f4tel Santa Lucia, h\u00f4tel de luxe 4 \u00e9toiles au c\u0153ur de Naples, poss\u00e8de 6 salles \u00e9l\u00e9gantes, id\u00e9ales pour tout type de rencontre, congr\u00e8s ou autre manifestation, jusqu\u2019\u00e0 un maximum de 180 personnes. Un \u00e9tage de l\u2019h\u00f4tel est enti\u00e8rement d\u00e9di\u00e9 aux manifestations [&hellip;]","og_url":"https:\/\/www.santalucia.it\/fr\/reunions\/","og_site_name":"Grand Hotel Santa Lucia","article_modified_time":"2020-03-26T11:28:32+00:00","twitter_card":"summary_large_image","twitter_misc":{"Dur\u00e9e de lecture estim\u00e9e":"1 minute"},"schema":{"@context":"https:\/\/schema.org","@graph":[{"@type":"WebPage","@id":"https:\/\/www.santalucia.it\/fr\/reunions\/","url":"https:\/\/www.santalucia.it\/fr\/reunions\/","name":"R\u00e9unions - Grand Hotel Santa Lucia","isPartOf":{"@id":"https:\/\/www.santalucia.it\/fr\/#website"},"datePublished":"2020-03-24T15:58:46+00:00","dateModified":"2020-03-26T11:28:32+00:00","breadcrumb":{"@id":"https:\/\/www.santalucia.it\/fr\/reunions\/#breadcrumb"},"inLanguage":"fr-FR","potentialAction":[{"@type":"ReadAction","target":["https:\/\/www.santalucia.it\/fr\/reunions\/"]}]},{"@type":"BreadcrumbList","@id":"https:\/\/www.santalucia.it\/fr\/reunions\/#breadcrumb","itemListElement":[{"@type":"ListItem","position":1,"name":"Home","item":"https:\/\/www.santalucia.it\/fr\/"},{"@type":"ListItem","position":2,"name":"R\u00e9unions"}]},{"@type":"WebSite","@id":"https:\/\/www.santalucia.it\/fr\/#website","url":"https:\/\/www.santalucia.it\/fr\/","name":"Grand Hotel Santa Lucia","description":"Ecco un altro sito ms.decms.eu","potentialAction":[{"@type":"SearchAction","target":{"@type":"EntryPoint","urlTemplate":"https:\/\/www.santalucia.it\/fr\/?s={search_term_string}"},"query-input":{"@type":"PropertyValueSpecification","valueRequired":true,"valueName":"search_term_string"}}],"inLanguage":"fr-FR"}]}},"acf":[],"_links":{"self":[{"href":"https:\/\/www.santalucia.it\/fr\/wp-json\/wp\/v2\/pages\/165","targetHints":{"allow":["GET"]}}],"collection":[{"href":"https:\/\/www.santalucia.it\/fr\/wp-json\/wp\/v2\/pages"}],"about":[{"href":"https:\/\/www.santalucia.it\/fr\/wp-json\/wp\/v2\/types\/page"}],"author":[{"embeddable":true,"href":"https:\/\/www.santalucia.it\/fr\/wp-json\/wp\/v2\/users\/13"}],"replies":[{"embeddable":true,"href":"https:\/\/www.santalucia.it\/fr\/wp-json\/wp\/v2\/comments?post=165"}],"version-history":[{"count":0,"href":"https:\/\/www.santalucia.it\/fr\/wp-json\/wp\/v2\/pages\/165\/revisions"}],"wp:attachment":[{"href":"https:\/\/www.santalucia.it\/fr\/wp-json\/wp\/v2\/media?parent=165"}],"curies":[{"name":"wp","href":"https:\/\/api.w.org\/{rel}","templated":true}]}}