{"id":169,"date":"2020-03-24T17:08:08","date_gmt":"2020-03-24T16:08:08","guid":{"rendered":"http:\/\/santalucia.ms.decms.eu\/?page_id=169"},"modified":"2020-03-24T17:08:08","modified_gmt":"2020-03-24T16:08:08","slug":"mariages","status":"publish","type":"page","link":"https:\/\/www.santalucia.it\/fr\/mariages\/","title":{"rendered":"Mariages"},"content":{"rendered":"<p>T\u00e9l\u00e9charger la Brochure \u00c9v\u00e9nements Groupe<\/p>\n<p>Mariages et banquets au c\u0153ur de Naples<\/p>\n<p>Dire \u00ab oui \u00bb au Grand H\u00f4tel Santa Lucia<\/p>\n<p>Premier palais de style Art nouveau \u00e0 Naples, construit par l\u2019architecte Comencini en 1906, cette magnifique demeure historique ouvre ses portes en souhaitant conserver l\u2019intimit\u00e9 d\u2019une maison luxueuse dans laquelle vous vous sentirez bien.<\/p>\n<p>Un service professionnel permet de soigner le moindre d\u00e9tail avec une grande attention et exp\u00e9rience, sans rien laisser au hasard, en conseillant les futurs mari\u00e9s dans leurs choix pour un r\u00e9sultat parfait.<\/p>\n<p>Le go\u00fbt classique actualis\u00e9, d\u00e9clin\u00e9 dans le mobilier, les couverts, le linge de table et la mise en place, distingue l\u2019\u00e9v\u00e9nement qui se veut \u00e9l\u00e9gant en \u00e9vitant toujours les exc\u00e8s.<\/p>\n<p>La disponibilit\u00e9 de l\u2019ensemble du personnel d\u00e9di\u00e9 au mariage permet d\u2019harmoniser et donner une coh\u00e9rence aux exigences des mari\u00e9s.<\/p>\n<p>La grande cuisine assure la qualit\u00e9 des mati\u00e8res premi\u00e8res et propose des menus traditionnels ou gastronomiques que tous les gourmets appr\u00e9cieront.<\/p>\n<p>Apr\u00e8s la r\u00e9ception, la suite junior qui accueillera les mari\u00e9s pour la premi\u00e8re fois en tant que mari et femme leur offrira une premi\u00e8re nuit romantique et merveilleuse. Au matin, ils seront ensuite dorlot\u00e9s par le service de chambre, avec le petit d\u00e9jeuner servi dans la chambre offrant la vue sur le merveilleux golfe de Naples, avec ses couleurs intenses et enivrantes.<\/p>\n<p>Tradition oblige, la chance sera toujours au rendez-vous dans la vie de ceux qui ont f\u00eat\u00e9 leur mariage au Grand H\u00f4tel Santa Lucia.<\/p>\n","protected":false},"excerpt":{"rendered":"<p>T\u00e9l\u00e9charger la Brochure \u00c9v\u00e9nements Groupe Mariages et banquets au c\u0153ur de Naples Dire \u00ab oui \u00bb au Grand H\u00f4tel Santa Lucia Premier palais de style Art nouveau \u00e0 Naples, construit par l\u2019architecte Comencini en 1906, cette magnifique demeure historique ouvre ses portes en souhaitant conserver l\u2019intimit\u00e9 d\u2019une maison luxueuse dans laquelle vous vous sentirez bien. [&hellip;]<\/p>\n","protected":false},"author":13,"featured_media":0,"parent":0,"menu_order":7,"comment_status":"closed","ping_status":"closed","template":"template-wellness.php","meta":{"footnotes":""},"class_list":["post-169","page","type-page","status-publish","hentry"],"yoast_head":"<!-- This site is optimized with the Yoast SEO plugin v26.9 - https:\/\/yoast.com\/product\/yoast-seo-wordpress\/ -->\n<title>Mariages - Grand Hotel Santa Lucia<\/title>\n<meta name=\"robots\" content=\"index, follow, max-snippet:-1, max-image-preview:large, max-video-preview:-1\" \/>\n<link rel=\"canonical\" href=\"https:\/\/www.santalucia.it\/fr\/mariages\/\" \/>\n<meta property=\"og:locale\" content=\"fr_FR\" \/>\n<meta property=\"og:type\" content=\"article\" \/>\n<meta property=\"og:title\" content=\"Mariages - Grand Hotel Santa Lucia\" \/>\n<meta property=\"og:description\" content=\"T\u00e9l\u00e9charger la Brochure \u00c9v\u00e9nements Groupe Mariages et banquets au c\u0153ur de Naples Dire \u00ab oui \u00bb au Grand H\u00f4tel Santa Lucia Premier palais de style Art nouveau \u00e0 Naples, construit par l\u2019architecte Comencini en 1906, cette magnifique demeure historique ouvre ses portes en souhaitant conserver l\u2019intimit\u00e9 d\u2019une maison luxueuse dans laquelle vous vous sentirez bien. [&hellip;]\" \/>\n<meta property=\"og:url\" content=\"https:\/\/www.santalucia.it\/fr\/mariages\/\" \/>\n<meta property=\"og:site_name\" content=\"Grand Hotel Santa Lucia\" \/>\n<meta name=\"twitter:card\" content=\"summary_large_image\" \/>\n<meta name=\"twitter:label1\" content=\"Dur\u00e9e de lecture estim\u00e9e\" \/>\n\t<meta name=\"twitter:data1\" content=\"1 minute\" \/>\n<script type=\"application\/ld+json\" class=\"yoast-schema-graph\">{\"@context\":\"https:\/\/schema.org\",\"@graph\":[{\"@type\":\"WebPage\",\"@id\":\"https:\/\/www.santalucia.it\/fr\/mariages\/\",\"url\":\"https:\/\/www.santalucia.it\/fr\/mariages\/\",\"name\":\"Mariages - Grand Hotel Santa Lucia\",\"isPartOf\":{\"@id\":\"https:\/\/www.santalucia.it\/fr\/#website\"},\"datePublished\":\"2020-03-24T16:08:08+00:00\",\"breadcrumb\":{\"@id\":\"https:\/\/www.santalucia.it\/fr\/mariages\/#breadcrumb\"},\"inLanguage\":\"fr-FR\",\"potentialAction\":[{\"@type\":\"ReadAction\",\"target\":[\"https:\/\/www.santalucia.it\/fr\/mariages\/\"]}]},{\"@type\":\"BreadcrumbList\",\"@id\":\"https:\/\/www.santalucia.it\/fr\/mariages\/#breadcrumb\",\"itemListElement\":[{\"@type\":\"ListItem\",\"position\":1,\"name\":\"Home\",\"item\":\"https:\/\/www.santalucia.it\/fr\/\"},{\"@type\":\"ListItem\",\"position\":2,\"name\":\"Mariages\"}]},{\"@type\":\"WebSite\",\"@id\":\"https:\/\/www.santalucia.it\/fr\/#website\",\"url\":\"https:\/\/www.santalucia.it\/fr\/\",\"name\":\"Grand Hotel Santa Lucia\",\"description\":\"Ecco un altro sito ms.decms.eu\",\"potentialAction\":[{\"@type\":\"SearchAction\",\"target\":{\"@type\":\"EntryPoint\",\"urlTemplate\":\"https:\/\/www.santalucia.it\/fr\/?s={search_term_string}\"},\"query-input\":{\"@type\":\"PropertyValueSpecification\",\"valueRequired\":true,\"valueName\":\"search_term_string\"}}],\"inLanguage\":\"fr-FR\"}]}<\/script>\n<!-- \/ Yoast SEO plugin. -->","yoast_head_json":{"title":"Mariages - Grand Hotel Santa Lucia","robots":{"index":"index","follow":"follow","max-snippet":"max-snippet:-1","max-image-preview":"max-image-preview:large","max-video-preview":"max-video-preview:-1"},"canonical":"https:\/\/www.santalucia.it\/fr\/mariages\/","og_locale":"fr_FR","og_type":"article","og_title":"Mariages - Grand Hotel Santa Lucia","og_description":"T\u00e9l\u00e9charger la Brochure \u00c9v\u00e9nements Groupe Mariages et banquets au c\u0153ur de Naples Dire \u00ab oui \u00bb au Grand H\u00f4tel Santa Lucia Premier palais de style Art nouveau \u00e0 Naples, construit par l\u2019architecte Comencini en 1906, cette magnifique demeure historique ouvre ses portes en souhaitant conserver l\u2019intimit\u00e9 d\u2019une maison luxueuse dans laquelle vous vous sentirez bien. [&hellip;]","og_url":"https:\/\/www.santalucia.it\/fr\/mariages\/","og_site_name":"Grand Hotel Santa Lucia","twitter_card":"summary_large_image","twitter_misc":{"Dur\u00e9e de lecture estim\u00e9e":"1 minute"},"schema":{"@context":"https:\/\/schema.org","@graph":[{"@type":"WebPage","@id":"https:\/\/www.santalucia.it\/fr\/mariages\/","url":"https:\/\/www.santalucia.it\/fr\/mariages\/","name":"Mariages - Grand Hotel Santa Lucia","isPartOf":{"@id":"https:\/\/www.santalucia.it\/fr\/#website"},"datePublished":"2020-03-24T16:08:08+00:00","breadcrumb":{"@id":"https:\/\/www.santalucia.it\/fr\/mariages\/#breadcrumb"},"inLanguage":"fr-FR","potentialAction":[{"@type":"ReadAction","target":["https:\/\/www.santalucia.it\/fr\/mariages\/"]}]},{"@type":"BreadcrumbList","@id":"https:\/\/www.santalucia.it\/fr\/mariages\/#breadcrumb","itemListElement":[{"@type":"ListItem","position":1,"name":"Home","item":"https:\/\/www.santalucia.it\/fr\/"},{"@type":"ListItem","position":2,"name":"Mariages"}]},{"@type":"WebSite","@id":"https:\/\/www.santalucia.it\/fr\/#website","url":"https:\/\/www.santalucia.it\/fr\/","name":"Grand Hotel Santa Lucia","description":"Ecco un altro sito ms.decms.eu","potentialAction":[{"@type":"SearchAction","target":{"@type":"EntryPoint","urlTemplate":"https:\/\/www.santalucia.it\/fr\/?s={search_term_string}"},"query-input":{"@type":"PropertyValueSpecification","valueRequired":true,"valueName":"search_term_string"}}],"inLanguage":"fr-FR"}]}},"acf":[],"_links":{"self":[{"href":"https:\/\/www.santalucia.it\/fr\/wp-json\/wp\/v2\/pages\/169","targetHints":{"allow":["GET"]}}],"collection":[{"href":"https:\/\/www.santalucia.it\/fr\/wp-json\/wp\/v2\/pages"}],"about":[{"href":"https:\/\/www.santalucia.it\/fr\/wp-json\/wp\/v2\/types\/page"}],"author":[{"embeddable":true,"href":"https:\/\/www.santalucia.it\/fr\/wp-json\/wp\/v2\/users\/13"}],"replies":[{"embeddable":true,"href":"https:\/\/www.santalucia.it\/fr\/wp-json\/wp\/v2\/comments?post=169"}],"version-history":[{"count":0,"href":"https:\/\/www.santalucia.it\/fr\/wp-json\/wp\/v2\/pages\/169\/revisions"}],"wp:attachment":[{"href":"https:\/\/www.santalucia.it\/fr\/wp-json\/wp\/v2\/media?parent=169"}],"curies":[{"name":"wp","href":"https:\/\/api.w.org\/{rel}","templated":true}]}}