{"id":199,"date":"2020-03-24T17:14:39","date_gmt":"2020-03-24T16:14:39","guid":{"rendered":"http:\/\/santalucia.ms.decms.eu\/?page_id=199"},"modified":"2020-03-25T14:58:44","modified_gmt":"2020-03-25T13:58:44","slug":"localisation-e-contacts","status":"publish","type":"page","link":"https:\/\/www.santalucia.it\/fr\/localisation-e-contacts\/","title":{"rendered":"Localisation e Contacts"},"content":{"rendered":"<p style=\"text-align: center;\">Le <strong>Grand H\u00f4tel Santa Lucia<\/strong> est situ\u00e9 sur le front de mer, juste \u00e0 c\u00f4t\u00e9 du petit port touristique du m\u00eame nom et du Castel dell\u2019Ovo.<\/p>\n<p style=\"text-align: center;\">Distances des points les plus int\u00e9ressants \u00e0 partir de l\u2019h\u00f4tel :<\/p>\n<p style=\"text-align: center;\"><strong>Gares<br \/>\n<\/strong>Centrale (Piazza Garibaldi) : 3 km<br \/>\nMergellina (zone de front de mer) : 1 km<br \/>\nCampi Flegrei (zone du stade et foire) : 4 km<\/p>\n<p style=\"text-align: center;\"><strong>Autoroutes<\/strong><br \/>\nA2 Milan-Rome : 5 km<br \/>\nA3 Reggio Calabria : 5 km<br \/>\nA16 Salerne, Taranto, Foggia : 5 km<\/p>\n<p style=\"text-align: center;\"><strong>A\u00e9roport<\/strong><br \/>\nA\u00e9roport international de Naples \u2013 Capodichino : 10 km<\/p>\n","protected":false},"excerpt":{"rendered":"<p>Le Grand H\u00f4tel Santa Lucia est situ\u00e9 sur le front de mer, juste \u00e0 c\u00f4t\u00e9 du petit port touristique du m\u00eame nom et du Castel dell\u2019Ovo. Distances des points les plus int\u00e9ressants \u00e0 partir de l\u2019h\u00f4tel : Gares Centrale (Piazza Garibaldi) : 3 km Mergellina (zone de front de mer) : 1 km Campi Flegrei [&hellip;]<\/p>\n","protected":false},"author":13,"featured_media":0,"parent":0,"menu_order":11,"comment_status":"closed","ping_status":"closed","template":"template-contacts.php","meta":{"footnotes":""},"class_list":["post-199","page","type-page","status-publish","hentry"],"yoast_head":"<!-- This site is optimized with the Yoast SEO plugin v26.9 - https:\/\/yoast.com\/product\/yoast-seo-wordpress\/ -->\n<title>Localisation e Contacts - Grand Hotel Santa Lucia<\/title>\n<meta name=\"robots\" content=\"index, follow, max-snippet:-1, max-image-preview:large, max-video-preview:-1\" \/>\n<link rel=\"canonical\" href=\"https:\/\/www.santalucia.it\/fr\/localisation-e-contacts\/\" \/>\n<meta property=\"og:locale\" content=\"fr_FR\" \/>\n<meta property=\"og:type\" content=\"article\" \/>\n<meta property=\"og:title\" content=\"Localisation e Contacts - Grand Hotel Santa Lucia\" \/>\n<meta property=\"og:description\" content=\"Le Grand H\u00f4tel Santa Lucia est situ\u00e9 sur le front de mer, juste \u00e0 c\u00f4t\u00e9 du petit port touristique du m\u00eame nom et du Castel dell\u2019Ovo. Distances des points les plus int\u00e9ressants \u00e0 partir de l\u2019h\u00f4tel : Gares Centrale (Piazza Garibaldi) : 3 km Mergellina (zone de front de mer) : 1 km Campi Flegrei [&hellip;]\" \/>\n<meta property=\"og:url\" content=\"https:\/\/www.santalucia.it\/fr\/localisation-e-contacts\/\" \/>\n<meta property=\"og:site_name\" content=\"Grand Hotel Santa Lucia\" \/>\n<meta property=\"article:modified_time\" content=\"2020-03-25T13:58:44+00:00\" \/>\n<meta name=\"twitter:card\" content=\"summary_large_image\" \/>\n<script type=\"application\/ld+json\" class=\"yoast-schema-graph\">{\"@context\":\"https:\/\/schema.org\",\"@graph\":[{\"@type\":\"WebPage\",\"@id\":\"https:\/\/www.santalucia.it\/fr\/localisation-e-contacts\/\",\"url\":\"https:\/\/www.santalucia.it\/fr\/localisation-e-contacts\/\",\"name\":\"Localisation e Contacts - Grand Hotel Santa Lucia\",\"isPartOf\":{\"@id\":\"https:\/\/www.santalucia.it\/fr\/#website\"},\"datePublished\":\"2020-03-24T16:14:39+00:00\",\"dateModified\":\"2020-03-25T13:58:44+00:00\",\"breadcrumb\":{\"@id\":\"https:\/\/www.santalucia.it\/fr\/localisation-e-contacts\/#breadcrumb\"},\"inLanguage\":\"fr-FR\",\"potentialAction\":[{\"@type\":\"ReadAction\",\"target\":[\"https:\/\/www.santalucia.it\/fr\/localisation-e-contacts\/\"]}]},{\"@type\":\"BreadcrumbList\",\"@id\":\"https:\/\/www.santalucia.it\/fr\/localisation-e-contacts\/#breadcrumb\",\"itemListElement\":[{\"@type\":\"ListItem\",\"position\":1,\"name\":\"Home\",\"item\":\"https:\/\/www.santalucia.it\/fr\/\"},{\"@type\":\"ListItem\",\"position\":2,\"name\":\"Localisation e Contacts\"}]},{\"@type\":\"WebSite\",\"@id\":\"https:\/\/www.santalucia.it\/fr\/#website\",\"url\":\"https:\/\/www.santalucia.it\/fr\/\",\"name\":\"Grand Hotel Santa Lucia\",\"description\":\"Ecco un altro sito ms.decms.eu\",\"potentialAction\":[{\"@type\":\"SearchAction\",\"target\":{\"@type\":\"EntryPoint\",\"urlTemplate\":\"https:\/\/www.santalucia.it\/fr\/?s={search_term_string}\"},\"query-input\":{\"@type\":\"PropertyValueSpecification\",\"valueRequired\":true,\"valueName\":\"search_term_string\"}}],\"inLanguage\":\"fr-FR\"}]}<\/script>\n<!-- \/ Yoast SEO plugin. -->","yoast_head_json":{"title":"Localisation e Contacts - Grand Hotel Santa Lucia","robots":{"index":"index","follow":"follow","max-snippet":"max-snippet:-1","max-image-preview":"max-image-preview:large","max-video-preview":"max-video-preview:-1"},"canonical":"https:\/\/www.santalucia.it\/fr\/localisation-e-contacts\/","og_locale":"fr_FR","og_type":"article","og_title":"Localisation e Contacts - Grand Hotel Santa Lucia","og_description":"Le Grand H\u00f4tel Santa Lucia est situ\u00e9 sur le front de mer, juste \u00e0 c\u00f4t\u00e9 du petit port touristique du m\u00eame nom et du Castel dell\u2019Ovo. Distances des points les plus int\u00e9ressants \u00e0 partir de l\u2019h\u00f4tel : Gares Centrale (Piazza Garibaldi) : 3 km Mergellina (zone de front de mer) : 1 km Campi Flegrei [&hellip;]","og_url":"https:\/\/www.santalucia.it\/fr\/localisation-e-contacts\/","og_site_name":"Grand Hotel Santa Lucia","article_modified_time":"2020-03-25T13:58:44+00:00","twitter_card":"summary_large_image","schema":{"@context":"https:\/\/schema.org","@graph":[{"@type":"WebPage","@id":"https:\/\/www.santalucia.it\/fr\/localisation-e-contacts\/","url":"https:\/\/www.santalucia.it\/fr\/localisation-e-contacts\/","name":"Localisation e Contacts - Grand Hotel Santa Lucia","isPartOf":{"@id":"https:\/\/www.santalucia.it\/fr\/#website"},"datePublished":"2020-03-24T16:14:39+00:00","dateModified":"2020-03-25T13:58:44+00:00","breadcrumb":{"@id":"https:\/\/www.santalucia.it\/fr\/localisation-e-contacts\/#breadcrumb"},"inLanguage":"fr-FR","potentialAction":[{"@type":"ReadAction","target":["https:\/\/www.santalucia.it\/fr\/localisation-e-contacts\/"]}]},{"@type":"BreadcrumbList","@id":"https:\/\/www.santalucia.it\/fr\/localisation-e-contacts\/#breadcrumb","itemListElement":[{"@type":"ListItem","position":1,"name":"Home","item":"https:\/\/www.santalucia.it\/fr\/"},{"@type":"ListItem","position":2,"name":"Localisation e Contacts"}]},{"@type":"WebSite","@id":"https:\/\/www.santalucia.it\/fr\/#website","url":"https:\/\/www.santalucia.it\/fr\/","name":"Grand Hotel Santa Lucia","description":"Ecco un altro sito ms.decms.eu","potentialAction":[{"@type":"SearchAction","target":{"@type":"EntryPoint","urlTemplate":"https:\/\/www.santalucia.it\/fr\/?s={search_term_string}"},"query-input":{"@type":"PropertyValueSpecification","valueRequired":true,"valueName":"search_term_string"}}],"inLanguage":"fr-FR"}]}},"acf":[],"_links":{"self":[{"href":"https:\/\/www.santalucia.it\/fr\/wp-json\/wp\/v2\/pages\/199","targetHints":{"allow":["GET"]}}],"collection":[{"href":"https:\/\/www.santalucia.it\/fr\/wp-json\/wp\/v2\/pages"}],"about":[{"href":"https:\/\/www.santalucia.it\/fr\/wp-json\/wp\/v2\/types\/page"}],"author":[{"embeddable":true,"href":"https:\/\/www.santalucia.it\/fr\/wp-json\/wp\/v2\/users\/13"}],"replies":[{"embeddable":true,"href":"https:\/\/www.santalucia.it\/fr\/wp-json\/wp\/v2\/comments?post=199"}],"version-history":[{"count":0,"href":"https:\/\/www.santalucia.it\/fr\/wp-json\/wp\/v2\/pages\/199\/revisions"}],"wp:attachment":[{"href":"https:\/\/www.santalucia.it\/fr\/wp-json\/wp\/v2\/media?parent=199"}],"curies":[{"name":"wp","href":"https:\/\/api.w.org\/{rel}","templated":true}]}}