{"id":74,"date":"2020-03-20T17:34:47","date_gmt":"2020-03-20T16:34:47","guid":{"rendered":"http:\/\/santalucia.ms.decms.eu\/?page_id=74"},"modified":"2023-07-13T11:27:34","modified_gmt":"2023-07-13T09:27:34","slug":"grand-hotel-santa-lucia","status":"publish","type":"page","link":"https:\/\/www.santalucia.it\/fr\/","title":{"rendered":"Grand H\u00f4tel Santa Lucia"},"content":{"rendered":"<h2 id=\"tw-target-text\" class=\"tw-data-text tw-text-large tw-ta\" dir=\"ltr\" style=\"text-align: center\" data-placeholder=\"Traduzione\"><span class=\"Y2IQFc\" lang=\"fr\">MAISON D&rsquo;ACCUEIL ET D&rsquo;\u00c9L\u00c9GANCE <\/span><\/h2>\n<h4 class=\"tw-data-text tw-text-large tw-ta\" dir=\"ltr\" data-placeholder=\"Traduzione\"><span class=\"Y2IQFc\" lang=\"fr\">Le Grand Hotel Santa Lucia, h\u00f4tel 4 \u00e9toiles, repr\u00e9sente un art de vivre. En franchissant le seuil de la salle Art Nouveau, l&rsquo;atmosph\u00e8re que l&rsquo;on respire est celle de la Belle Epoque napolitaine. L&rsquo;\u00e9l\u00e9gance, l&rsquo;intimit\u00e9 et un style unique en font une r\u00e9sidence secondaire pour de nombreuses personnalit\u00e9s visitant Naples.<\/span><\/h4>\n","protected":false},"excerpt":{"rendered":"<p>MAISON D&rsquo;ACCUEIL ET D&rsquo;\u00c9L\u00c9GANCE Le Grand Hotel Santa Lucia, h\u00f4tel 4 \u00e9toiles, repr\u00e9sente un art de vivre. En franchissant le seuil de la salle Art Nouveau, l&rsquo;atmosph\u00e8re que l&rsquo;on respire est celle de la Belle Epoque napolitaine. L&rsquo;\u00e9l\u00e9gance, l&rsquo;intimit\u00e9 et un style unique en font une r\u00e9sidence secondaire pour de nombreuses personnalit\u00e9s visitant Naples.<\/p>\n","protected":false},"author":13,"featured_media":0,"parent":0,"menu_order":1,"comment_status":"closed","ping_status":"open","template":"","meta":{"footnotes":""},"class_list":["post-74","page","type-page","status-publish","hentry"],"yoast_head":"<!-- This site is optimized with the Yoast SEO plugin v26.9 - https:\/\/yoast.com\/product\/yoast-seo-wordpress\/ -->\n<title>Grand H\u00f4tel Santa Lucia - Grand Hotel Santa Lucia<\/title>\n<meta name=\"robots\" content=\"index, follow, max-snippet:-1, max-image-preview:large, max-video-preview:-1\" \/>\n<link rel=\"canonical\" href=\"https:\/\/www.santalucia.it\/fr\/\" \/>\n<meta property=\"og:locale\" content=\"fr_FR\" \/>\n<meta property=\"og:type\" content=\"article\" \/>\n<meta property=\"og:title\" content=\"Grand H\u00f4tel Santa Lucia - Grand Hotel Santa Lucia\" \/>\n<meta property=\"og:description\" content=\"MAISON D&rsquo;ACCUEIL ET D&rsquo;\u00c9L\u00c9GANCE Le Grand Hotel Santa Lucia, h\u00f4tel 4 \u00e9toiles, repr\u00e9sente un art de vivre. En franchissant le seuil de la salle Art Nouveau, l&rsquo;atmosph\u00e8re que l&rsquo;on respire est celle de la Belle Epoque napolitaine. L&rsquo;\u00e9l\u00e9gance, l&rsquo;intimit\u00e9 et un style unique en font une r\u00e9sidence secondaire pour de nombreuses personnalit\u00e9s visitant Naples.\" \/>\n<meta property=\"og:url\" content=\"https:\/\/www.santalucia.it\/fr\/\" \/>\n<meta property=\"og:site_name\" content=\"Grand Hotel Santa Lucia\" \/>\n<meta property=\"article:modified_time\" content=\"2023-07-13T09:27:34+00:00\" \/>\n<meta name=\"twitter:card\" content=\"summary_large_image\" \/>\n<script type=\"application\/ld+json\" class=\"yoast-schema-graph\">{\"@context\":\"https:\/\/schema.org\",\"@graph\":[{\"@type\":\"WebPage\",\"@id\":\"https:\/\/www.santalucia.it\/fr\/\",\"url\":\"https:\/\/www.santalucia.it\/fr\/\",\"name\":\"Grand H\u00f4tel Santa Lucia - Grand Hotel Santa Lucia\",\"isPartOf\":{\"@id\":\"https:\/\/www.santalucia.it\/fr\/#website\"},\"datePublished\":\"2020-03-20T16:34:47+00:00\",\"dateModified\":\"2023-07-13T09:27:34+00:00\",\"breadcrumb\":{\"@id\":\"https:\/\/www.santalucia.it\/fr\/#breadcrumb\"},\"inLanguage\":\"fr-FR\",\"potentialAction\":[{\"@type\":\"ReadAction\",\"target\":[\"https:\/\/www.santalucia.it\/fr\/\"]}]},{\"@type\":\"BreadcrumbList\",\"@id\":\"https:\/\/www.santalucia.it\/fr\/#breadcrumb\",\"itemListElement\":[{\"@type\":\"ListItem\",\"position\":1,\"name\":\"Home\",\"item\":\"https:\/\/www.santalucia.it\/fr\/\"},{\"@type\":\"ListItem\",\"position\":2,\"name\":\"Grand H\u00f4tel Santa Lucia\"}]},{\"@type\":\"WebSite\",\"@id\":\"https:\/\/www.santalucia.it\/fr\/#website\",\"url\":\"https:\/\/www.santalucia.it\/fr\/\",\"name\":\"Grand Hotel Santa Lucia\",\"description\":\"Ecco un altro sito ms.decms.eu\",\"potentialAction\":[{\"@type\":\"SearchAction\",\"target\":{\"@type\":\"EntryPoint\",\"urlTemplate\":\"https:\/\/www.santalucia.it\/fr\/?s={search_term_string}\"},\"query-input\":{\"@type\":\"PropertyValueSpecification\",\"valueRequired\":true,\"valueName\":\"search_term_string\"}}],\"inLanguage\":\"fr-FR\"}]}<\/script>\n<!-- \/ Yoast SEO plugin. -->","yoast_head_json":{"title":"Grand H\u00f4tel Santa Lucia - Grand Hotel Santa Lucia","robots":{"index":"index","follow":"follow","max-snippet":"max-snippet:-1","max-image-preview":"max-image-preview:large","max-video-preview":"max-video-preview:-1"},"canonical":"https:\/\/www.santalucia.it\/fr\/","og_locale":"fr_FR","og_type":"article","og_title":"Grand H\u00f4tel Santa Lucia - Grand Hotel Santa Lucia","og_description":"MAISON D&rsquo;ACCUEIL ET D&rsquo;\u00c9L\u00c9GANCE Le Grand Hotel Santa Lucia, h\u00f4tel 4 \u00e9toiles, repr\u00e9sente un art de vivre. En franchissant le seuil de la salle Art Nouveau, l&rsquo;atmosph\u00e8re que l&rsquo;on respire est celle de la Belle Epoque napolitaine. L&rsquo;\u00e9l\u00e9gance, l&rsquo;intimit\u00e9 et un style unique en font une r\u00e9sidence secondaire pour de nombreuses personnalit\u00e9s visitant Naples.","og_url":"https:\/\/www.santalucia.it\/fr\/","og_site_name":"Grand Hotel Santa Lucia","article_modified_time":"2023-07-13T09:27:34+00:00","twitter_card":"summary_large_image","schema":{"@context":"https:\/\/schema.org","@graph":[{"@type":"WebPage","@id":"https:\/\/www.santalucia.it\/fr\/","url":"https:\/\/www.santalucia.it\/fr\/","name":"Grand H\u00f4tel Santa Lucia - Grand Hotel Santa Lucia","isPartOf":{"@id":"https:\/\/www.santalucia.it\/fr\/#website"},"datePublished":"2020-03-20T16:34:47+00:00","dateModified":"2023-07-13T09:27:34+00:00","breadcrumb":{"@id":"https:\/\/www.santalucia.it\/fr\/#breadcrumb"},"inLanguage":"fr-FR","potentialAction":[{"@type":"ReadAction","target":["https:\/\/www.santalucia.it\/fr\/"]}]},{"@type":"BreadcrumbList","@id":"https:\/\/www.santalucia.it\/fr\/#breadcrumb","itemListElement":[{"@type":"ListItem","position":1,"name":"Home","item":"https:\/\/www.santalucia.it\/fr\/"},{"@type":"ListItem","position":2,"name":"Grand H\u00f4tel Santa Lucia"}]},{"@type":"WebSite","@id":"https:\/\/www.santalucia.it\/fr\/#website","url":"https:\/\/www.santalucia.it\/fr\/","name":"Grand Hotel Santa Lucia","description":"Ecco un altro sito ms.decms.eu","potentialAction":[{"@type":"SearchAction","target":{"@type":"EntryPoint","urlTemplate":"https:\/\/www.santalucia.it\/fr\/?s={search_term_string}"},"query-input":{"@type":"PropertyValueSpecification","valueRequired":true,"valueName":"search_term_string"}}],"inLanguage":"fr-FR"}]}},"acf":[],"_links":{"self":[{"href":"https:\/\/www.santalucia.it\/fr\/wp-json\/wp\/v2\/pages\/74","targetHints":{"allow":["GET"]}}],"collection":[{"href":"https:\/\/www.santalucia.it\/fr\/wp-json\/wp\/v2\/pages"}],"about":[{"href":"https:\/\/www.santalucia.it\/fr\/wp-json\/wp\/v2\/types\/page"}],"author":[{"embeddable":true,"href":"https:\/\/www.santalucia.it\/fr\/wp-json\/wp\/v2\/users\/13"}],"replies":[{"embeddable":true,"href":"https:\/\/www.santalucia.it\/fr\/wp-json\/wp\/v2\/comments?post=74"}],"version-history":[{"count":0,"href":"https:\/\/www.santalucia.it\/fr\/wp-json\/wp\/v2\/pages\/74\/revisions"}],"wp:attachment":[{"href":"https:\/\/www.santalucia.it\/fr\/wp-json\/wp\/v2\/media?parent=74"}],"curies":[{"name":"wp","href":"https:\/\/api.w.org\/{rel}","templated":true}]}}