{"id":81,"date":"2020-03-20T17:39:27","date_gmt":"2020-03-20T16:39:27","guid":{"rendered":"http:\/\/santalucia.ms.decms.eu\/?page_id=81"},"modified":"2023-07-13T11:29:31","modified_gmt":"2023-07-13T09:29:31","slug":"hotel","status":"publish","type":"page","link":"https:\/\/www.santalucia.it\/fr\/hotel\/","title":{"rendered":"H\u00f4tel"},"content":{"rendered":"<h3 id=\"tw-target-text\" class=\"tw-data-text tw-text-large tw-ta\" dir=\"ltr\" data-placeholder=\"Traduzione\"><span class=\"Y2IQFc\" lang=\"fr\">La fa\u00e7ade du b\u00e2timent du Grand Hotel Santa Lucia conserve des \u00e9l\u00e9ments de d\u00e9coration du XIXe si\u00e8cle, tandis que les int\u00e9rieurs, aujourd&rsquo;hui compl\u00e8tement modifi\u00e9s, \u00e9taient consid\u00e9r\u00e9s \u00e0 l&rsquo;\u00e9poque comme un succ\u00e8s de l&rsquo;architecture Liberty, un exemple en est toujours le hall de l&rsquo;h\u00f4tel qui conserve les caract\u00e9ristiques distinctives . Le b\u00e2timent \u00e9tait initialement pens\u00e9 pour \u00eatre utilis\u00e9 comme r\u00e9sidences civiles, mais confi\u00e9 \u00e0 l&rsquo;excellent travail de l&rsquo;un des architectes les plus importants du d\u00e9but des ann\u00e9es 1900, Giovan Battista Comencini, il est ensuite devenu un h\u00f4tel de luxe. Achev\u00e9 dans ses moindres d\u00e9tails et livr\u00e9 dans sa forme actuelle en 1906, il est appr\u00e9ci\u00e9 depuis plus de cent ans par les \u00e9crivains, musiciens, acteurs et protagonistes du XXe si\u00e8cle.<\/span><\/h3>\n","protected":false},"excerpt":{"rendered":"<p>La fa\u00e7ade du b\u00e2timent du Grand Hotel Santa Lucia conserve des \u00e9l\u00e9ments de d\u00e9coration du XIXe si\u00e8cle, tandis que les int\u00e9rieurs, aujourd&rsquo;hui compl\u00e8tement modifi\u00e9s, \u00e9taient consid\u00e9r\u00e9s \u00e0 l&rsquo;\u00e9poque comme un succ\u00e8s de l&rsquo;architecture Liberty, un exemple en est toujours le hall de l&rsquo;h\u00f4tel qui conserve les caract\u00e9ristiques distinctives . Le b\u00e2timent \u00e9tait initialement pens\u00e9 pour [&hellip;]<\/p>\n","protected":false},"author":13,"featured_media":0,"parent":0,"menu_order":2,"comment_status":"closed","ping_status":"closed","template":"template-hotel.php","meta":{"footnotes":""},"class_list":["post-81","page","type-page","status-publish","hentry"],"yoast_head":"<!-- This site is optimized with the Yoast SEO plugin v26.9 - https:\/\/yoast.com\/product\/yoast-seo-wordpress\/ -->\n<title>H\u00f4tel - Grand Hotel Santa Lucia<\/title>\n<meta name=\"robots\" content=\"index, follow, max-snippet:-1, max-image-preview:large, max-video-preview:-1\" \/>\n<link rel=\"canonical\" href=\"https:\/\/www.santalucia.it\/fr\/hotel\/\" \/>\n<meta property=\"og:locale\" content=\"fr_FR\" \/>\n<meta property=\"og:type\" content=\"article\" \/>\n<meta property=\"og:title\" content=\"H\u00f4tel - Grand Hotel Santa Lucia\" \/>\n<meta property=\"og:description\" content=\"La fa\u00e7ade du b\u00e2timent du Grand Hotel Santa Lucia conserve des \u00e9l\u00e9ments de d\u00e9coration du XIXe si\u00e8cle, tandis que les int\u00e9rieurs, aujourd&rsquo;hui compl\u00e8tement modifi\u00e9s, \u00e9taient consid\u00e9r\u00e9s \u00e0 l&rsquo;\u00e9poque comme un succ\u00e8s de l&rsquo;architecture Liberty, un exemple en est toujours le hall de l&rsquo;h\u00f4tel qui conserve les caract\u00e9ristiques distinctives . Le b\u00e2timent \u00e9tait initialement pens\u00e9 pour [&hellip;]\" \/>\n<meta property=\"og:url\" content=\"https:\/\/www.santalucia.it\/fr\/hotel\/\" \/>\n<meta property=\"og:site_name\" content=\"Grand Hotel Santa Lucia\" \/>\n<meta property=\"article:modified_time\" content=\"2023-07-13T09:29:31+00:00\" \/>\n<meta name=\"twitter:card\" content=\"summary_large_image\" \/>\n<meta name=\"twitter:label1\" content=\"Dur\u00e9e de lecture estim\u00e9e\" \/>\n\t<meta name=\"twitter:data1\" content=\"1 minute\" \/>\n<script type=\"application\/ld+json\" class=\"yoast-schema-graph\">{\"@context\":\"https:\/\/schema.org\",\"@graph\":[{\"@type\":\"WebPage\",\"@id\":\"https:\/\/www.santalucia.it\/fr\/hotel\/\",\"url\":\"https:\/\/www.santalucia.it\/fr\/hotel\/\",\"name\":\"H\u00f4tel - Grand Hotel Santa Lucia\",\"isPartOf\":{\"@id\":\"https:\/\/www.santalucia.it\/fr\/#website\"},\"datePublished\":\"2020-03-20T16:39:27+00:00\",\"dateModified\":\"2023-07-13T09:29:31+00:00\",\"breadcrumb\":{\"@id\":\"https:\/\/www.santalucia.it\/fr\/hotel\/#breadcrumb\"},\"inLanguage\":\"fr-FR\",\"potentialAction\":[{\"@type\":\"ReadAction\",\"target\":[\"https:\/\/www.santalucia.it\/fr\/hotel\/\"]}]},{\"@type\":\"BreadcrumbList\",\"@id\":\"https:\/\/www.santalucia.it\/fr\/hotel\/#breadcrumb\",\"itemListElement\":[{\"@type\":\"ListItem\",\"position\":1,\"name\":\"Home\",\"item\":\"https:\/\/www.santalucia.it\/fr\/\"},{\"@type\":\"ListItem\",\"position\":2,\"name\":\"H\u00f4tel\"}]},{\"@type\":\"WebSite\",\"@id\":\"https:\/\/www.santalucia.it\/fr\/#website\",\"url\":\"https:\/\/www.santalucia.it\/fr\/\",\"name\":\"Grand Hotel Santa Lucia\",\"description\":\"Ecco un altro sito ms.decms.eu\",\"potentialAction\":[{\"@type\":\"SearchAction\",\"target\":{\"@type\":\"EntryPoint\",\"urlTemplate\":\"https:\/\/www.santalucia.it\/fr\/?s={search_term_string}\"},\"query-input\":{\"@type\":\"PropertyValueSpecification\",\"valueRequired\":true,\"valueName\":\"search_term_string\"}}],\"inLanguage\":\"fr-FR\"}]}<\/script>\n<!-- \/ Yoast SEO plugin. -->","yoast_head_json":{"title":"H\u00f4tel - Grand Hotel Santa Lucia","robots":{"index":"index","follow":"follow","max-snippet":"max-snippet:-1","max-image-preview":"max-image-preview:large","max-video-preview":"max-video-preview:-1"},"canonical":"https:\/\/www.santalucia.it\/fr\/hotel\/","og_locale":"fr_FR","og_type":"article","og_title":"H\u00f4tel - Grand Hotel Santa Lucia","og_description":"La fa\u00e7ade du b\u00e2timent du Grand Hotel Santa Lucia conserve des \u00e9l\u00e9ments de d\u00e9coration du XIXe si\u00e8cle, tandis que les int\u00e9rieurs, aujourd&rsquo;hui compl\u00e8tement modifi\u00e9s, \u00e9taient consid\u00e9r\u00e9s \u00e0 l&rsquo;\u00e9poque comme un succ\u00e8s de l&rsquo;architecture Liberty, un exemple en est toujours le hall de l&rsquo;h\u00f4tel qui conserve les caract\u00e9ristiques distinctives . Le b\u00e2timent \u00e9tait initialement pens\u00e9 pour [&hellip;]","og_url":"https:\/\/www.santalucia.it\/fr\/hotel\/","og_site_name":"Grand Hotel Santa Lucia","article_modified_time":"2023-07-13T09:29:31+00:00","twitter_card":"summary_large_image","twitter_misc":{"Dur\u00e9e de lecture estim\u00e9e":"1 minute"},"schema":{"@context":"https:\/\/schema.org","@graph":[{"@type":"WebPage","@id":"https:\/\/www.santalucia.it\/fr\/hotel\/","url":"https:\/\/www.santalucia.it\/fr\/hotel\/","name":"H\u00f4tel - Grand Hotel Santa Lucia","isPartOf":{"@id":"https:\/\/www.santalucia.it\/fr\/#website"},"datePublished":"2020-03-20T16:39:27+00:00","dateModified":"2023-07-13T09:29:31+00:00","breadcrumb":{"@id":"https:\/\/www.santalucia.it\/fr\/hotel\/#breadcrumb"},"inLanguage":"fr-FR","potentialAction":[{"@type":"ReadAction","target":["https:\/\/www.santalucia.it\/fr\/hotel\/"]}]},{"@type":"BreadcrumbList","@id":"https:\/\/www.santalucia.it\/fr\/hotel\/#breadcrumb","itemListElement":[{"@type":"ListItem","position":1,"name":"Home","item":"https:\/\/www.santalucia.it\/fr\/"},{"@type":"ListItem","position":2,"name":"H\u00f4tel"}]},{"@type":"WebSite","@id":"https:\/\/www.santalucia.it\/fr\/#website","url":"https:\/\/www.santalucia.it\/fr\/","name":"Grand Hotel Santa Lucia","description":"Ecco un altro sito ms.decms.eu","potentialAction":[{"@type":"SearchAction","target":{"@type":"EntryPoint","urlTemplate":"https:\/\/www.santalucia.it\/fr\/?s={search_term_string}"},"query-input":{"@type":"PropertyValueSpecification","valueRequired":true,"valueName":"search_term_string"}}],"inLanguage":"fr-FR"}]}},"acf":[],"_links":{"self":[{"href":"https:\/\/www.santalucia.it\/fr\/wp-json\/wp\/v2\/pages\/81","targetHints":{"allow":["GET"]}}],"collection":[{"href":"https:\/\/www.santalucia.it\/fr\/wp-json\/wp\/v2\/pages"}],"about":[{"href":"https:\/\/www.santalucia.it\/fr\/wp-json\/wp\/v2\/types\/page"}],"author":[{"embeddable":true,"href":"https:\/\/www.santalucia.it\/fr\/wp-json\/wp\/v2\/users\/13"}],"replies":[{"embeddable":true,"href":"https:\/\/www.santalucia.it\/fr\/wp-json\/wp\/v2\/comments?post=81"}],"version-history":[{"count":0,"href":"https:\/\/www.santalucia.it\/fr\/wp-json\/wp\/v2\/pages\/81\/revisions"}],"wp:attachment":[{"href":"https:\/\/www.santalucia.it\/fr\/wp-json\/wp\/v2\/media?parent=81"}],"curies":[{"name":"wp","href":"https:\/\/api.w.org\/{rel}","templated":true}]}}