{"id":87,"date":"2020-03-23T16:58:05","date_gmt":"2020-03-23T15:58:05","guid":{"rendered":"http:\/\/santalucia.ms.decms.eu\/?page_id=87"},"modified":"2023-07-13T11:35:16","modified_gmt":"2023-07-13T09:35:16","slug":"chambre","status":"publish","type":"page","link":"https:\/\/www.santalucia.it\/fr\/chambre\/","title":{"rendered":"Chambre"},"content":{"rendered":"<div class=\"col-xs-12 body_wrapper\">\n<div id=\"body_content\" class=\"mCustomScrollbar _mCS_1\">\n<div id=\"mCSB_1\" class=\"mCustomScrollBox mCS-light mCSB_vertical mCSB_inside\">\n<div id=\"mCSB_1_container\" class=\"mCSB_container\" dir=\"ltr\">\n<div id=\"body_content_int\">\n<div class=\"body\">\n<h4 id=\"tw-target-text\" class=\"tw-data-text tw-text-large tw-ta\" dir=\"ltr\" data-placeholder=\"Traduzione\"><span class=\"Y2IQFc\" lang=\"fr\">DESIGN, CONFORT ET TRANQUILLIT\u00c9 SUR LE FRONT DE MER DE NAPLES<\/span><\/h4>\n<h4 class=\"tw-data-text tw-text-large tw-ta\" dir=\"ltr\" data-placeholder=\"Traduzione\"><span class=\"Y2IQFc\" lang=\"fr\">Les 85 chambres et suites du Grand Hotel Santa Lucia, enti\u00e8rement r\u00e9nov\u00e9es, elles sont pr\u00eates \u00e0 accueillir les h\u00f4tes comme s&rsquo;ils \u00e9taient chez eux. Le confort de couchage est assur\u00e9 par des sommiers et des matelas de haute qualit\u00e9 \u00e9quip\u00e9s de surmatelas. Dans leur polyvalence, nos chambres sont adapt\u00e9es \u00e0 toutes les exigences de s\u00e9jour, des courtes escapades romantiques aux vacances en famille ou aux voyages d&rsquo;affaires. D\u00e9couvrez la solution la mieux adapt\u00e9e \u00e0 vos besoins.<\/span><\/h4>\n<p>\u00c9QUIPEMENT DES CHAMBRES<\/p>\n<ul>\n<li>Cl\u00e9 \u00e9lectronique<\/li>\n<li>Chauffage et climatisation<\/li>\n<li>Coffre-fort<\/li>\n<li>Cha\u00eenes de t\u00e9l\u00e9vision num\u00e9rique,<\/li>\n<li>Cha\u00eene Sky Pay-per-view (sport + cin\u00e9ma)<\/li>\n<li>T\u00e9l\u00e9phone \u00e0 acc\u00e8s direct<\/li>\n<li>Wifi gratuit<\/li>\n<li>Minibar<\/li>\n<li>S\u00e8che-cheveux<\/li>\n<li>Peignoirs et pantoufles<\/li>\n<li>Produits de toilettes<\/li>\n<\/ul>\n<\/div>\n<\/div>\n<\/div>\n<div id=\"mCSB_1_scrollbar_vertical\" class=\"mCSB_scrollTools mCSB_1_scrollbar mCS-light mCSB_scrollTools_vertical mCSB_scrollTools_onDrag\">\n<div class=\"mCSB_draggerContainer\">\n<div id=\"mCSB_1_dragger_vertical\" class=\"mCSB_dragger mCSB_dragger_onDrag\">\n<div class=\"mCSB_dragger_bar\"><\/div>\n<\/div>\n<\/div>\n<\/div>\n<\/div>\n<\/div>\n<\/div>\n","protected":false},"excerpt":{"rendered":"<p>DESIGN, CONFORT ET TRANQUILLIT\u00c9 SUR LE FRONT DE MER DE NAPLES Les 85 chambres et suites du Grand Hotel Santa Lucia, enti\u00e8rement r\u00e9nov\u00e9es, elles sont pr\u00eates \u00e0 accueillir les h\u00f4tes comme s&rsquo;ils \u00e9taient chez eux. Le confort de couchage est assur\u00e9 par des sommiers et des matelas de haute qualit\u00e9 \u00e9quip\u00e9s de surmatelas. Dans leur [&hellip;]<\/p>\n","protected":false},"author":13,"featured_media":0,"parent":0,"menu_order":3,"comment_status":"closed","ping_status":"closed","template":"template-rooms.php","meta":{"footnotes":""},"class_list":["post-87","page","type-page","status-publish","hentry"],"yoast_head":"<!-- This site is optimized with the Yoast SEO plugin v26.9 - https:\/\/yoast.com\/product\/yoast-seo-wordpress\/ -->\n<title>Chambre - Grand Hotel Santa Lucia<\/title>\n<meta name=\"robots\" content=\"index, follow, max-snippet:-1, max-image-preview:large, max-video-preview:-1\" \/>\n<link rel=\"canonical\" href=\"https:\/\/www.santalucia.it\/fr\/chambre\/\" \/>\n<meta property=\"og:locale\" content=\"fr_FR\" \/>\n<meta property=\"og:type\" content=\"article\" \/>\n<meta property=\"og:title\" content=\"Chambre - Grand Hotel Santa Lucia\" \/>\n<meta property=\"og:description\" content=\"DESIGN, CONFORT ET TRANQUILLIT\u00c9 SUR LE FRONT DE MER DE NAPLES Les 85 chambres et suites du Grand Hotel Santa Lucia, enti\u00e8rement r\u00e9nov\u00e9es, elles sont pr\u00eates \u00e0 accueillir les h\u00f4tes comme s&rsquo;ils \u00e9taient chez eux. Le confort de couchage est assur\u00e9 par des sommiers et des matelas de haute qualit\u00e9 \u00e9quip\u00e9s de surmatelas. Dans leur [&hellip;]\" \/>\n<meta property=\"og:url\" content=\"https:\/\/www.santalucia.it\/fr\/chambre\/\" \/>\n<meta property=\"og:site_name\" content=\"Grand Hotel Santa Lucia\" \/>\n<meta property=\"article:modified_time\" content=\"2023-07-13T09:35:16+00:00\" \/>\n<meta name=\"twitter:card\" content=\"summary_large_image\" \/>\n<meta name=\"twitter:label1\" content=\"Dur\u00e9e de lecture estim\u00e9e\" \/>\n\t<meta name=\"twitter:data1\" content=\"1 minute\" \/>\n<script type=\"application\/ld+json\" class=\"yoast-schema-graph\">{\"@context\":\"https:\/\/schema.org\",\"@graph\":[{\"@type\":\"WebPage\",\"@id\":\"https:\/\/www.santalucia.it\/fr\/chambre\/\",\"url\":\"https:\/\/www.santalucia.it\/fr\/chambre\/\",\"name\":\"Chambre - Grand Hotel Santa Lucia\",\"isPartOf\":{\"@id\":\"https:\/\/www.santalucia.it\/fr\/#website\"},\"datePublished\":\"2020-03-23T15:58:05+00:00\",\"dateModified\":\"2023-07-13T09:35:16+00:00\",\"breadcrumb\":{\"@id\":\"https:\/\/www.santalucia.it\/fr\/chambre\/#breadcrumb\"},\"inLanguage\":\"fr-FR\",\"potentialAction\":[{\"@type\":\"ReadAction\",\"target\":[\"https:\/\/www.santalucia.it\/fr\/chambre\/\"]}]},{\"@type\":\"BreadcrumbList\",\"@id\":\"https:\/\/www.santalucia.it\/fr\/chambre\/#breadcrumb\",\"itemListElement\":[{\"@type\":\"ListItem\",\"position\":1,\"name\":\"Home\",\"item\":\"https:\/\/www.santalucia.it\/fr\/\"},{\"@type\":\"ListItem\",\"position\":2,\"name\":\"Chambre\"}]},{\"@type\":\"WebSite\",\"@id\":\"https:\/\/www.santalucia.it\/fr\/#website\",\"url\":\"https:\/\/www.santalucia.it\/fr\/\",\"name\":\"Grand Hotel Santa Lucia\",\"description\":\"Ecco un altro sito ms.decms.eu\",\"potentialAction\":[{\"@type\":\"SearchAction\",\"target\":{\"@type\":\"EntryPoint\",\"urlTemplate\":\"https:\/\/www.santalucia.it\/fr\/?s={search_term_string}\"},\"query-input\":{\"@type\":\"PropertyValueSpecification\",\"valueRequired\":true,\"valueName\":\"search_term_string\"}}],\"inLanguage\":\"fr-FR\"}]}<\/script>\n<!-- \/ Yoast SEO plugin. -->","yoast_head_json":{"title":"Chambre - Grand Hotel Santa Lucia","robots":{"index":"index","follow":"follow","max-snippet":"max-snippet:-1","max-image-preview":"max-image-preview:large","max-video-preview":"max-video-preview:-1"},"canonical":"https:\/\/www.santalucia.it\/fr\/chambre\/","og_locale":"fr_FR","og_type":"article","og_title":"Chambre - Grand Hotel Santa Lucia","og_description":"DESIGN, CONFORT ET TRANQUILLIT\u00c9 SUR LE FRONT DE MER DE NAPLES Les 85 chambres et suites du Grand Hotel Santa Lucia, enti\u00e8rement r\u00e9nov\u00e9es, elles sont pr\u00eates \u00e0 accueillir les h\u00f4tes comme s&rsquo;ils \u00e9taient chez eux. Le confort de couchage est assur\u00e9 par des sommiers et des matelas de haute qualit\u00e9 \u00e9quip\u00e9s de surmatelas. Dans leur [&hellip;]","og_url":"https:\/\/www.santalucia.it\/fr\/chambre\/","og_site_name":"Grand Hotel Santa Lucia","article_modified_time":"2023-07-13T09:35:16+00:00","twitter_card":"summary_large_image","twitter_misc":{"Dur\u00e9e de lecture estim\u00e9e":"1 minute"},"schema":{"@context":"https:\/\/schema.org","@graph":[{"@type":"WebPage","@id":"https:\/\/www.santalucia.it\/fr\/chambre\/","url":"https:\/\/www.santalucia.it\/fr\/chambre\/","name":"Chambre - Grand Hotel Santa Lucia","isPartOf":{"@id":"https:\/\/www.santalucia.it\/fr\/#website"},"datePublished":"2020-03-23T15:58:05+00:00","dateModified":"2023-07-13T09:35:16+00:00","breadcrumb":{"@id":"https:\/\/www.santalucia.it\/fr\/chambre\/#breadcrumb"},"inLanguage":"fr-FR","potentialAction":[{"@type":"ReadAction","target":["https:\/\/www.santalucia.it\/fr\/chambre\/"]}]},{"@type":"BreadcrumbList","@id":"https:\/\/www.santalucia.it\/fr\/chambre\/#breadcrumb","itemListElement":[{"@type":"ListItem","position":1,"name":"Home","item":"https:\/\/www.santalucia.it\/fr\/"},{"@type":"ListItem","position":2,"name":"Chambre"}]},{"@type":"WebSite","@id":"https:\/\/www.santalucia.it\/fr\/#website","url":"https:\/\/www.santalucia.it\/fr\/","name":"Grand Hotel Santa Lucia","description":"Ecco un altro sito ms.decms.eu","potentialAction":[{"@type":"SearchAction","target":{"@type":"EntryPoint","urlTemplate":"https:\/\/www.santalucia.it\/fr\/?s={search_term_string}"},"query-input":{"@type":"PropertyValueSpecification","valueRequired":true,"valueName":"search_term_string"}}],"inLanguage":"fr-FR"}]}},"acf":[],"_links":{"self":[{"href":"https:\/\/www.santalucia.it\/fr\/wp-json\/wp\/v2\/pages\/87","targetHints":{"allow":["GET"]}}],"collection":[{"href":"https:\/\/www.santalucia.it\/fr\/wp-json\/wp\/v2\/pages"}],"about":[{"href":"https:\/\/www.santalucia.it\/fr\/wp-json\/wp\/v2\/types\/page"}],"author":[{"embeddable":true,"href":"https:\/\/www.santalucia.it\/fr\/wp-json\/wp\/v2\/users\/13"}],"replies":[{"embeddable":true,"href":"https:\/\/www.santalucia.it\/fr\/wp-json\/wp\/v2\/comments?post=87"}],"version-history":[{"count":0,"href":"https:\/\/www.santalucia.it\/fr\/wp-json\/wp\/v2\/pages\/87\/revisions"}],"wp:attachment":[{"href":"https:\/\/www.santalucia.it\/fr\/wp-json\/wp\/v2\/media?parent=87"}],"curies":[{"name":"wp","href":"https:\/\/api.w.org\/{rel}","templated":true}]}}