{"id":161,"date":"2020-03-24T17:06:17","date_gmt":"2020-03-24T16:06:17","guid":{"rendered":"http:\/\/santalucia.ms.decms.eu\/?page_id=161"},"modified":"2020-03-26T12:28:46","modified_gmt":"2020-03-26T11:28:46","slug":"reunioes","status":"publish","type":"page","link":"https:\/\/www.santalucia.it\/pt-pt\/reunioes\/","title":{"rendered":"Reuni\u00f5es"},"content":{"rendered":"<p>Centro de congressos e confer\u00eancias \u00e0 beira-mar em N\u00e1poles.<\/p>\n<p>S\u00e3o seis as elegantes salas do Grand Hotel Santa L\u00facia, luxuoso hotel de 4 estrelas no cora\u00e7\u00e3o de N\u00e1poles, adequadas para qualquer exig\u00eancia de reuni\u00f5es, confer\u00eancias ou outros, at\u00e9 um m\u00e1ximo de 180 pessoas. \u00c0 atividade de reuni\u00f5es \u00e9 dedicado um andar inteiro do hotel, cuidadosamente separado dos outros espa\u00e7os do hotel, garantindo a aten\u00e7\u00e3o total e o cuidado com a privacidade que s\u00e3o dedicados a todos os h\u00f3spedes.<\/p>\n<p>Os modernos equipamento t\u00e9cnicos que o Grand Hotel Santa Lucia p\u00f5e \u00e0 disposi\u00e7\u00e3o, a efici\u00eancia do servi\u00e7o e a qualidade da comida s\u00e3o os elementos indispens\u00e1veis para uma reuni\u00e3o de sucesso garantido e grande relevo.<\/p>\n<p>&nbsp;<\/p>\n<p><a href=\"\/wp-content\/uploads\/sites\/157\/2020\/03\/planimetria-sale-santa-lucia.pdf\" target=\"_blank\" rel=\"noopener noreferrer\">Veja a ficha t\u00e9cnica<\/a><\/p>\n","protected":false},"excerpt":{"rendered":"<p>Centro de congressos e confer\u00eancias \u00e0 beira-mar em N\u00e1poles. S\u00e3o seis as elegantes salas do Grand Hotel Santa L\u00facia, luxuoso hotel de 4 estrelas no cora\u00e7\u00e3o de N\u00e1poles, adequadas para qualquer exig\u00eancia de reuni\u00f5es, confer\u00eancias ou outros, at\u00e9 um m\u00e1ximo de 180 pessoas. \u00c0 atividade de reuni\u00f5es \u00e9 dedicado um andar inteiro do hotel, cuidadosamente [&hellip;]<\/p>\n","protected":false},"author":13,"featured_media":0,"parent":0,"menu_order":6,"comment_status":"closed","ping_status":"closed","template":"","meta":{"footnotes":""},"class_list":["post-161","page","type-page","status-publish","hentry"],"yoast_head":"<!-- This site is optimized with the Yoast SEO plugin v26.9 - https:\/\/yoast.com\/product\/yoast-seo-wordpress\/ -->\n<title>Reuni\u00f5es - Grand Hotel Santa Lucia<\/title>\n<meta name=\"robots\" content=\"index, follow, max-snippet:-1, max-image-preview:large, max-video-preview:-1\" \/>\n<link rel=\"canonical\" href=\"https:\/\/www.santalucia.it\/pt-pt\/reunioes\/\" \/>\n<meta property=\"og:locale\" content=\"pt_PT\" \/>\n<meta property=\"og:type\" content=\"article\" \/>\n<meta property=\"og:title\" content=\"Reuni\u00f5es - Grand Hotel Santa Lucia\" \/>\n<meta property=\"og:description\" content=\"Centro de congressos e confer\u00eancias \u00e0 beira-mar em N\u00e1poles. S\u00e3o seis as elegantes salas do Grand Hotel Santa L\u00facia, luxuoso hotel de 4 estrelas no cora\u00e7\u00e3o de N\u00e1poles, adequadas para qualquer exig\u00eancia de reuni\u00f5es, confer\u00eancias ou outros, at\u00e9 um m\u00e1ximo de 180 pessoas. \u00c0 atividade de reuni\u00f5es \u00e9 dedicado um andar inteiro do hotel, cuidadosamente [&hellip;]\" \/>\n<meta property=\"og:url\" content=\"https:\/\/www.santalucia.it\/pt-pt\/reunioes\/\" \/>\n<meta property=\"og:site_name\" content=\"Grand Hotel Santa Lucia\" \/>\n<meta property=\"article:modified_time\" content=\"2020-03-26T11:28:46+00:00\" \/>\n<meta name=\"twitter:card\" content=\"summary_large_image\" \/>\n<meta name=\"twitter:label1\" content=\"Tempo estimado de leitura\" \/>\n\t<meta name=\"twitter:data1\" content=\"1 minuto\" \/>\n<script type=\"application\/ld+json\" class=\"yoast-schema-graph\">{\"@context\":\"https:\/\/schema.org\",\"@graph\":[{\"@type\":\"WebPage\",\"@id\":\"https:\/\/www.santalucia.it\/pt-pt\/reunioes\/\",\"url\":\"https:\/\/www.santalucia.it\/pt-pt\/reunioes\/\",\"name\":\"Reuni\u00f5es - Grand Hotel Santa Lucia\",\"isPartOf\":{\"@id\":\"https:\/\/www.santalucia.it\/pt-pt\/#website\"},\"datePublished\":\"2020-03-24T16:06:17+00:00\",\"dateModified\":\"2020-03-26T11:28:46+00:00\",\"breadcrumb\":{\"@id\":\"https:\/\/www.santalucia.it\/pt-pt\/reunioes\/#breadcrumb\"},\"inLanguage\":\"pt-PT\",\"potentialAction\":[{\"@type\":\"ReadAction\",\"target\":[\"https:\/\/www.santalucia.it\/pt-pt\/reunioes\/\"]}]},{\"@type\":\"BreadcrumbList\",\"@id\":\"https:\/\/www.santalucia.it\/pt-pt\/reunioes\/#breadcrumb\",\"itemListElement\":[{\"@type\":\"ListItem\",\"position\":1,\"name\":\"Home\",\"item\":\"https:\/\/www.santalucia.it\/pt-pt\/\"},{\"@type\":\"ListItem\",\"position\":2,\"name\":\"Reuni\u00f5es\"}]},{\"@type\":\"WebSite\",\"@id\":\"https:\/\/www.santalucia.it\/pt-pt\/#website\",\"url\":\"https:\/\/www.santalucia.it\/pt-pt\/\",\"name\":\"Grand Hotel Santa Lucia\",\"description\":\"Ecco un altro sito ms.decms.eu\",\"potentialAction\":[{\"@type\":\"SearchAction\",\"target\":{\"@type\":\"EntryPoint\",\"urlTemplate\":\"https:\/\/www.santalucia.it\/pt-pt\/?s={search_term_string}\"},\"query-input\":{\"@type\":\"PropertyValueSpecification\",\"valueRequired\":true,\"valueName\":\"search_term_string\"}}],\"inLanguage\":\"pt-PT\"}]}<\/script>\n<!-- \/ Yoast SEO plugin. -->","yoast_head_json":{"title":"Reuni\u00f5es - Grand Hotel Santa Lucia","robots":{"index":"index","follow":"follow","max-snippet":"max-snippet:-1","max-image-preview":"max-image-preview:large","max-video-preview":"max-video-preview:-1"},"canonical":"https:\/\/www.santalucia.it\/pt-pt\/reunioes\/","og_locale":"pt_PT","og_type":"article","og_title":"Reuni\u00f5es - Grand Hotel Santa Lucia","og_description":"Centro de congressos e confer\u00eancias \u00e0 beira-mar em N\u00e1poles. S\u00e3o seis as elegantes salas do Grand Hotel Santa L\u00facia, luxuoso hotel de 4 estrelas no cora\u00e7\u00e3o de N\u00e1poles, adequadas para qualquer exig\u00eancia de reuni\u00f5es, confer\u00eancias ou outros, at\u00e9 um m\u00e1ximo de 180 pessoas. \u00c0 atividade de reuni\u00f5es \u00e9 dedicado um andar inteiro do hotel, cuidadosamente [&hellip;]","og_url":"https:\/\/www.santalucia.it\/pt-pt\/reunioes\/","og_site_name":"Grand Hotel Santa Lucia","article_modified_time":"2020-03-26T11:28:46+00:00","twitter_card":"summary_large_image","twitter_misc":{"Tempo estimado de leitura":"1 minuto"},"schema":{"@context":"https:\/\/schema.org","@graph":[{"@type":"WebPage","@id":"https:\/\/www.santalucia.it\/pt-pt\/reunioes\/","url":"https:\/\/www.santalucia.it\/pt-pt\/reunioes\/","name":"Reuni\u00f5es - Grand Hotel Santa Lucia","isPartOf":{"@id":"https:\/\/www.santalucia.it\/pt-pt\/#website"},"datePublished":"2020-03-24T16:06:17+00:00","dateModified":"2020-03-26T11:28:46+00:00","breadcrumb":{"@id":"https:\/\/www.santalucia.it\/pt-pt\/reunioes\/#breadcrumb"},"inLanguage":"pt-PT","potentialAction":[{"@type":"ReadAction","target":["https:\/\/www.santalucia.it\/pt-pt\/reunioes\/"]}]},{"@type":"BreadcrumbList","@id":"https:\/\/www.santalucia.it\/pt-pt\/reunioes\/#breadcrumb","itemListElement":[{"@type":"ListItem","position":1,"name":"Home","item":"https:\/\/www.santalucia.it\/pt-pt\/"},{"@type":"ListItem","position":2,"name":"Reuni\u00f5es"}]},{"@type":"WebSite","@id":"https:\/\/www.santalucia.it\/pt-pt\/#website","url":"https:\/\/www.santalucia.it\/pt-pt\/","name":"Grand Hotel Santa Lucia","description":"Ecco un altro sito ms.decms.eu","potentialAction":[{"@type":"SearchAction","target":{"@type":"EntryPoint","urlTemplate":"https:\/\/www.santalucia.it\/pt-pt\/?s={search_term_string}"},"query-input":{"@type":"PropertyValueSpecification","valueRequired":true,"valueName":"search_term_string"}}],"inLanguage":"pt-PT"}]}},"acf":[],"_links":{"self":[{"href":"https:\/\/www.santalucia.it\/pt-pt\/wp-json\/wp\/v2\/pages\/161","targetHints":{"allow":["GET"]}}],"collection":[{"href":"https:\/\/www.santalucia.it\/pt-pt\/wp-json\/wp\/v2\/pages"}],"about":[{"href":"https:\/\/www.santalucia.it\/pt-pt\/wp-json\/wp\/v2\/types\/page"}],"author":[{"embeddable":true,"href":"https:\/\/www.santalucia.it\/pt-pt\/wp-json\/wp\/v2\/users\/13"}],"replies":[{"embeddable":true,"href":"https:\/\/www.santalucia.it\/pt-pt\/wp-json\/wp\/v2\/comments?post=161"}],"version-history":[{"count":0,"href":"https:\/\/www.santalucia.it\/pt-pt\/wp-json\/wp\/v2\/pages\/161\/revisions"}],"wp:attachment":[{"href":"https:\/\/www.santalucia.it\/pt-pt\/wp-json\/wp\/v2\/media?parent=161"}],"curies":[{"name":"wp","href":"https:\/\/api.w.org\/{rel}","templated":true}]}}