{"id":90,"date":"2020-03-23T16:58:56","date_gmt":"2020-03-23T15:58:56","guid":{"rendered":"http:\/\/santalucia.ms.decms.eu\/?page_id=90"},"modified":"2020-03-23T16:58:56","modified_gmt":"2020-03-23T15:58:56","slug":"quartos","status":"publish","type":"page","link":"https:\/\/www.santalucia.it\/pt-pt\/quartos\/","title":{"rendered":"Quartos"},"content":{"rendered":"<div class=\"body\">\n<p>Junto \u00e0 frente de mar mais bela do mundo, o Grand Hotel Santa Lucia, com 95 quartos, oferece estadias inesquec\u00edveis, com servi\u00e7o cuidado e inexced\u00edvel.<\/p>\n<p>Os quartos acolhedores, cuidados na decora\u00e7\u00e3o e nos detalhes, dividem-se entre cl\u00e1ssicos, de luxo e suites, alguns dos quais foram recentemente restaurados com solu\u00e7\u00f5es atualizadas para atender \u00e0s diferentes necessidades dos clientes.<\/p>\n<p>COMODIDADES NO QUARTO<\/p>\n<ul>\n<li>Chave eletr\u00f3nica<\/li>\n<li>Aquecimento e ar condicionado<\/li>\n<li>Cofre<\/li>\n<li>Canais de TV digital,<\/li>\n<li>Pay-per-view Sky (cinema + desporto)<\/li>\n<li>Telefone direto<\/li>\n<li>WiFi gratuito<\/li>\n<li>Minibar<\/li>\n<li>Secador de cabelo<\/li>\n<li>Roup\u00f5es e chinelos<\/li>\n<li>Artigos de cortesia<\/li>\n<\/ul>\n<\/div>\n","protected":false},"excerpt":{"rendered":"<p>Junto \u00e0 frente de mar mais bela do mundo, o Grand Hotel Santa Lucia, com 95 quartos, oferece estadias inesquec\u00edveis, com servi\u00e7o cuidado e inexced\u00edvel. Os quartos acolhedores, cuidados na decora\u00e7\u00e3o e nos detalhes, dividem-se entre cl\u00e1ssicos, de luxo e suites, alguns dos quais foram recentemente restaurados com solu\u00e7\u00f5es atualizadas para atender \u00e0s diferentes necessidades [&hellip;]<\/p>\n","protected":false},"author":13,"featured_media":0,"parent":0,"menu_order":3,"comment_status":"closed","ping_status":"closed","template":"template-rooms.php","meta":{"footnotes":""},"class_list":["post-90","page","type-page","status-publish","hentry"],"yoast_head":"<!-- This site is optimized with the Yoast SEO plugin v26.9 - https:\/\/yoast.com\/product\/yoast-seo-wordpress\/ -->\n<title>Quartos - Grand Hotel Santa Lucia<\/title>\n<meta name=\"robots\" content=\"index, follow, max-snippet:-1, max-image-preview:large, max-video-preview:-1\" \/>\n<link rel=\"canonical\" href=\"https:\/\/www.santalucia.it\/pt-pt\/quartos\/\" \/>\n<meta property=\"og:locale\" content=\"pt_PT\" \/>\n<meta property=\"og:type\" content=\"article\" \/>\n<meta property=\"og:title\" content=\"Quartos - Grand Hotel Santa Lucia\" \/>\n<meta property=\"og:description\" content=\"Junto \u00e0 frente de mar mais bela do mundo, o Grand Hotel Santa Lucia, com 95 quartos, oferece estadias inesquec\u00edveis, com servi\u00e7o cuidado e inexced\u00edvel. Os quartos acolhedores, cuidados na decora\u00e7\u00e3o e nos detalhes, dividem-se entre cl\u00e1ssicos, de luxo e suites, alguns dos quais foram recentemente restaurados com solu\u00e7\u00f5es atualizadas para atender \u00e0s diferentes necessidades [&hellip;]\" \/>\n<meta property=\"og:url\" content=\"https:\/\/www.santalucia.it\/pt-pt\/quartos\/\" \/>\n<meta property=\"og:site_name\" content=\"Grand Hotel Santa Lucia\" \/>\n<meta name=\"twitter:card\" content=\"summary_large_image\" \/>\n<script type=\"application\/ld+json\" class=\"yoast-schema-graph\">{\"@context\":\"https:\/\/schema.org\",\"@graph\":[{\"@type\":\"WebPage\",\"@id\":\"https:\/\/www.santalucia.it\/pt-pt\/quartos\/\",\"url\":\"https:\/\/www.santalucia.it\/pt-pt\/quartos\/\",\"name\":\"Quartos - Grand Hotel Santa Lucia\",\"isPartOf\":{\"@id\":\"https:\/\/www.santalucia.it\/pt-pt\/#website\"},\"datePublished\":\"2020-03-23T15:58:56+00:00\",\"breadcrumb\":{\"@id\":\"https:\/\/www.santalucia.it\/pt-pt\/quartos\/#breadcrumb\"},\"inLanguage\":\"pt-PT\",\"potentialAction\":[{\"@type\":\"ReadAction\",\"target\":[\"https:\/\/www.santalucia.it\/pt-pt\/quartos\/\"]}]},{\"@type\":\"BreadcrumbList\",\"@id\":\"https:\/\/www.santalucia.it\/pt-pt\/quartos\/#breadcrumb\",\"itemListElement\":[{\"@type\":\"ListItem\",\"position\":1,\"name\":\"Home\",\"item\":\"https:\/\/www.santalucia.it\/pt-pt\/\"},{\"@type\":\"ListItem\",\"position\":2,\"name\":\"Quartos\"}]},{\"@type\":\"WebSite\",\"@id\":\"https:\/\/www.santalucia.it\/pt-pt\/#website\",\"url\":\"https:\/\/www.santalucia.it\/pt-pt\/\",\"name\":\"Grand Hotel Santa Lucia\",\"description\":\"Ecco un altro sito ms.decms.eu\",\"potentialAction\":[{\"@type\":\"SearchAction\",\"target\":{\"@type\":\"EntryPoint\",\"urlTemplate\":\"https:\/\/www.santalucia.it\/pt-pt\/?s={search_term_string}\"},\"query-input\":{\"@type\":\"PropertyValueSpecification\",\"valueRequired\":true,\"valueName\":\"search_term_string\"}}],\"inLanguage\":\"pt-PT\"}]}<\/script>\n<!-- \/ Yoast SEO plugin. -->","yoast_head_json":{"title":"Quartos - Grand Hotel Santa Lucia","robots":{"index":"index","follow":"follow","max-snippet":"max-snippet:-1","max-image-preview":"max-image-preview:large","max-video-preview":"max-video-preview:-1"},"canonical":"https:\/\/www.santalucia.it\/pt-pt\/quartos\/","og_locale":"pt_PT","og_type":"article","og_title":"Quartos - Grand Hotel Santa Lucia","og_description":"Junto \u00e0 frente de mar mais bela do mundo, o Grand Hotel Santa Lucia, com 95 quartos, oferece estadias inesquec\u00edveis, com servi\u00e7o cuidado e inexced\u00edvel. Os quartos acolhedores, cuidados na decora\u00e7\u00e3o e nos detalhes, dividem-se entre cl\u00e1ssicos, de luxo e suites, alguns dos quais foram recentemente restaurados com solu\u00e7\u00f5es atualizadas para atender \u00e0s diferentes necessidades [&hellip;]","og_url":"https:\/\/www.santalucia.it\/pt-pt\/quartos\/","og_site_name":"Grand Hotel Santa Lucia","twitter_card":"summary_large_image","schema":{"@context":"https:\/\/schema.org","@graph":[{"@type":"WebPage","@id":"https:\/\/www.santalucia.it\/pt-pt\/quartos\/","url":"https:\/\/www.santalucia.it\/pt-pt\/quartos\/","name":"Quartos - Grand Hotel Santa Lucia","isPartOf":{"@id":"https:\/\/www.santalucia.it\/pt-pt\/#website"},"datePublished":"2020-03-23T15:58:56+00:00","breadcrumb":{"@id":"https:\/\/www.santalucia.it\/pt-pt\/quartos\/#breadcrumb"},"inLanguage":"pt-PT","potentialAction":[{"@type":"ReadAction","target":["https:\/\/www.santalucia.it\/pt-pt\/quartos\/"]}]},{"@type":"BreadcrumbList","@id":"https:\/\/www.santalucia.it\/pt-pt\/quartos\/#breadcrumb","itemListElement":[{"@type":"ListItem","position":1,"name":"Home","item":"https:\/\/www.santalucia.it\/pt-pt\/"},{"@type":"ListItem","position":2,"name":"Quartos"}]},{"@type":"WebSite","@id":"https:\/\/www.santalucia.it\/pt-pt\/#website","url":"https:\/\/www.santalucia.it\/pt-pt\/","name":"Grand Hotel Santa Lucia","description":"Ecco un altro sito ms.decms.eu","potentialAction":[{"@type":"SearchAction","target":{"@type":"EntryPoint","urlTemplate":"https:\/\/www.santalucia.it\/pt-pt\/?s={search_term_string}"},"query-input":{"@type":"PropertyValueSpecification","valueRequired":true,"valueName":"search_term_string"}}],"inLanguage":"pt-PT"}]}},"acf":[],"_links":{"self":[{"href":"https:\/\/www.santalucia.it\/pt-pt\/wp-json\/wp\/v2\/pages\/90","targetHints":{"allow":["GET"]}}],"collection":[{"href":"https:\/\/www.santalucia.it\/pt-pt\/wp-json\/wp\/v2\/pages"}],"about":[{"href":"https:\/\/www.santalucia.it\/pt-pt\/wp-json\/wp\/v2\/types\/page"}],"author":[{"embeddable":true,"href":"https:\/\/www.santalucia.it\/pt-pt\/wp-json\/wp\/v2\/users\/13"}],"replies":[{"embeddable":true,"href":"https:\/\/www.santalucia.it\/pt-pt\/wp-json\/wp\/v2\/comments?post=90"}],"version-history":[{"count":0,"href":"https:\/\/www.santalucia.it\/pt-pt\/wp-json\/wp\/v2\/pages\/90\/revisions"}],"wp:attachment":[{"href":"https:\/\/www.santalucia.it\/pt-pt\/wp-json\/wp\/v2\/media?parent=90"}],"curies":[{"name":"wp","href":"https:\/\/api.w.org\/{rel}","templated":true}]}}